{"id":124,"date":"2025-10-21T12:16:41","date_gmt":"2025-10-21T12:16:41","guid":{"rendered":"https:\/\/www.swbr.se\/?page_id=124"},"modified":"2025-12-15T15:55:48","modified_gmt":"2025-12-15T15:55:48","slug":"contact","status":"publish","type":"page","link":"https:\/\/www.swbr.se\/index.php\/contact\/","title":{"rendered":"Contact"},"content":{"rendered":"\n<p class=\"has-base-color has-text-color has-link-color has-xx-large-font-size wp-elements-80241e679af3d02c863a8990bc6f9e4c\">R<\/p>\n\n\n\n<div class=\"wp-block-cover alignfull is-light has-custom-content-position is-position-bottom-center\" style=\"margin-top:0;margin-bottom:0;padding-top:var(--wp--preset--spacing--50);padding-right:var(--wp--preset--spacing--50);padding-bottom:var(--wp--preset--spacing--50);padding-left:var(--wp--preset--spacing--50);min-height:840px;aspect-ratio:unset;\"><img loading=\"lazy\" decoding=\"async\" width=\"743\" height=\"693\" class=\"wp-block-cover__image-background wp-image-156 size-full\" alt=\"\" src=\"https:\/\/www.swbr.se\/wp-content\/uploads\/2025\/10\/swe104.jpeg\" data-object-fit=\"cover\" srcset=\"https:\/\/www.swbr.se\/wp-content\/uploads\/2025\/10\/swe104.jpeg 743w, https:\/\/www.swbr.se\/wp-content\/uploads\/2025\/10\/swe104-300x280.jpeg 300w\" sizes=\"auto, (max-width: 743px) 100vw, 743px\" \/><span aria-hidden=\"true\" class=\"wp-block-cover__background has-background-dim-10 has-background-dim\" style=\"background-color:#868581\"><\/span><div class=\"wp-block-cover__inner-container has-global-padding is-layout-constrained wp-container-core-cover-is-layout-d89aad35 wp-block-cover-is-layout-constrained\">\n<div class=\"wp-block-group alignwide has-global-padding is-content-justification-left is-layout-constrained wp-container-core-group-is-layout-12dd3699 wp-block-group-is-layout-constrained\">\n<h2 class=\"wp-block-heading has-text-align-left has-xx-large-font-size\">Ber\u00e4tta din historia<\/h2>\n\n\n\n<p>P\u00e5 samma s\u00e4tt som blommor kan sl\u00e5 ut p\u00e5 ov\u00e4ntade platser har varje ber\u00e4ttelse en sk\u00f6nhet och styrka som kan avsl\u00f6ja dolda underverk.<\/p>\n\n\n\n<div class=\"wp-block-buttons is-layout-flex wp-block-buttons-is-layout-flex\">\n<div class=\"wp-block-button\"><a class=\"wp-block-button__link wp-element-button\">L\u00e4s mer<\/a><\/div>\n<\/div>\n<\/div>\n<\/div><\/div>\n\n\n\n<div class=\"wp-block-group alignfull is-style-section-5 has-global-padding is-layout-constrained wp-block-group-is-layout-constrained is-style-section-5--1\" style=\"margin-top:0;margin-bottom:0;padding-top:var(--wp--preset--spacing--50);padding-bottom:var(--wp--preset--spacing--50)\">\n<div class=\"wp-block-columns alignwide is-layout-flex wp-container-core-columns-is-layout-7ee84d44 wp-block-columns-is-layout-flex\">\n<div class=\"wp-block-column is-vertically-aligned-center is-layout-flow wp-block-column-is-layout-flow\" style=\"flex-basis:50%\">\n<h2 class=\"wp-block-heading\">The Swedish-British Society <\/h2>\n\n\n\n<figure class=\"wp-block-image size-full\"><img loading=\"lazy\" decoding=\"async\" width=\"456\" height=\"551\" src=\"https:\/\/www.swbr.se\/wp-content\/uploads\/2025\/10\/a9db9092-d58e-1ac8-a8c5-da01e687aadc.jpg\" alt=\"\" class=\"wp-image-167\" srcset=\"https:\/\/www.swbr.se\/wp-content\/uploads\/2025\/10\/a9db9092-d58e-1ac8-a8c5-da01e687aadc.jpg 456w, https:\/\/www.swbr.se\/wp-content\/uploads\/2025\/10\/a9db9092-d58e-1ac8-a8c5-da01e687aadc-248x300.jpg 248w\" sizes=\"auto, (max-width: 456px) 100vw, 456px\" \/><\/figure>\n\n\n\n<p class=\"has-medium-font-size\">Valhallav\u00e4gen 104  bv<\/p>\n\n\n\n<p>114 41  STOCKHOLM<\/p>\n\n\n\n<p>Plusgiro: 3424-9<\/p>\n\n\n\n<p>Swish: 1235094222<\/p>\n\n\n\n<p>Organization number 802003-3265<\/p>\n\n\n\n<p><a href=\"mailto:office@swbr.se\">office@swbr.se<\/a><\/p>\n<\/div>\n\n\n\n<div class=\"wp-block-column is-vertically-aligned-center is-layout-flow wp-block-column-is-layout-flow\" style=\"flex-basis:50%\">\n<figure class=\"wp-block-image size-full\"><img loading=\"lazy\" decoding=\"async\" width=\"432\" height=\"420\" src=\"https:\/\/www.swbr.se\/wp-content\/uploads\/2025\/10\/Skarmavbild-2025-10-21-kl.-18.12.59.png\" alt=\"\" class=\"wp-image-162\" style=\"aspect-ratio:1;object-fit:cover\" srcset=\"https:\/\/www.swbr.se\/wp-content\/uploads\/2025\/10\/Skarmavbild-2025-10-21-kl.-18.12.59.png 432w, https:\/\/www.swbr.se\/wp-content\/uploads\/2025\/10\/Skarmavbild-2025-10-21-kl.-18.12.59-300x292.png 300w\" sizes=\"auto, (max-width: 432px) 100vw, 432px\" \/><\/figure>\n<\/div>\n<\/div>\n<\/div>\n\n\n\n<div class=\"wp-block-group alignfull has-global-padding is-layout-constrained wp-container-core-group-is-layout-08655630 wp-block-group-is-layout-constrained\" style=\"margin-top:0;margin-bottom:0;padding-top:var(--wp--preset--spacing--80);padding-bottom:var(--wp--preset--spacing--80)\">\n<div class=\"wp-block-group alignwide is-layout-flow wp-block-group-is-layout-flow\">\n<p class=\"has-text-align-center is-style-text-display is-style-text-display--2\" style=\"font-style:normal;font-weight:400\">Undrar du \u00f6ver n\u00e5got? <br><a href=\"#\" rel=\"nofollow\">Kontakta oss g\u00e4rna.<\/a><\/p>\n\n\n\n<div style=\"height:var(--wp--preset--spacing--40)\" aria-hidden=\"true\" class=\"wp-block-spacer\"><\/div>\n\n\n\n<ul class=\"wp-block-social-links has-icon-color is-style-logos-only is-content-justification-center is-layout-flex wp-container-core-social-links-is-layout-a89b3969 wp-block-social-links-is-layout-flex\"><li class=\"wp-social-link wp-social-link-twitter has-contrast-color wp-block-social-link\"><a href=\"#\" class=\"wp-block-social-link-anchor\"><svg width=\"24\" height=\"24\" viewBox=\"0 0 24 24\" version=\"1.1\" xmlns=\"http:\/\/www.w3.org\/2000\/svg\" aria-hidden=\"true\" focusable=\"false\"><path d=\"M22.23,5.924c-0.736,0.326-1.527,0.547-2.357,0.646c0.847-0.508,1.498-1.312,1.804-2.27 c-0.793,0.47-1.671,0.812-2.606,0.996C18.324,4.498,17.257,4,16.077,4c-2.266,0-4.103,1.837-4.103,4.103 c0,0.322,0.036,0.635,0.106,0.935C8.67,8.867,5.647,7.234,3.623,4.751C3.27,5.357,3.067,6.062,3.067,6.814 c0,1.424,0.724,2.679,1.825,3.415c-0.673-0.021-1.305-0.206-1.859-0.513c0,0.017,0,0.034,0,0.052c0,1.988,1.414,3.647,3.292,4.023 c-0.344,0.094-0.707,0.144-1.081,0.144c-0.264,0-0.521-0.026-0.772-0.074c0.522,1.63,2.038,2.816,3.833,2.85 c-1.404,1.1-3.174,1.756-5.096,1.756c-0.331,0-0.658-0.019-0.979-0.057c1.816,1.164,3.973,1.843,6.29,1.843 c7.547,0,11.675-6.252,11.675-11.675c0-0.178-0.004-0.355-0.012-0.531C20.985,7.47,21.68,6.747,22.23,5.924z\"><\/path><\/svg><span class=\"wp-block-social-link-label screen-reader-text\">Twitter<\/span><\/a><\/li>\n\n<li class=\"wp-social-link wp-social-link-facebook has-contrast-color wp-block-social-link\"><a href=\"#\" class=\"wp-block-social-link-anchor\"><svg width=\"24\" height=\"24\" viewBox=\"0 0 24 24\" version=\"1.1\" xmlns=\"http:\/\/www.w3.org\/2000\/svg\" aria-hidden=\"true\" focusable=\"false\"><path d=\"M12 2C6.5 2 2 6.5 2 12c0 5 3.7 9.1 8.4 9.9v-7H7.9V12h2.5V9.8c0-2.5 1.5-3.9 3.8-3.9 1.1 0 2.2.2 2.2.2v2.5h-1.3c-1.2 0-1.6.8-1.6 1.6V12h2.8l-.4 2.9h-2.3v7C18.3 21.1 22 17 22 12c0-5.5-4.5-10-10-10z\"><\/path><\/svg><span class=\"wp-block-social-link-label screen-reader-text\">Facebook<\/span><\/a><\/li>\n\n<li class=\"wp-social-link wp-social-link-instagram has-contrast-color wp-block-social-link\"><a href=\"#\" class=\"wp-block-social-link-anchor\"><svg width=\"24\" height=\"24\" viewBox=\"0 0 24 24\" version=\"1.1\" xmlns=\"http:\/\/www.w3.org\/2000\/svg\" aria-hidden=\"true\" focusable=\"false\"><path d=\"M12,4.622c2.403,0,2.688,0.009,3.637,0.052c0.877,0.04,1.354,0.187,1.671,0.31c0.42,0.163,0.72,0.358,1.035,0.673 c0.315,0.315,0.51,0.615,0.673,1.035c0.123,0.317,0.27,0.794,0.31,1.671c0.043,0.949,0.052,1.234,0.052,3.637 s-0.009,2.688-0.052,3.637c-0.04,0.877-0.187,1.354-0.31,1.671c-0.163,0.42-0.358,0.72-0.673,1.035 c-0.315,0.315-0.615,0.51-1.035,0.673c-0.317,0.123-0.794,0.27-1.671,0.31c-0.949,0.043-1.233,0.052-3.637,0.052 s-2.688-0.009-3.637-0.052c-0.877-0.04-1.354-0.187-1.671-0.31c-0.42-0.163-0.72-0.358-1.035-0.673 c-0.315-0.315-0.51-0.615-0.673-1.035c-0.123-0.317-0.27-0.794-0.31-1.671C4.631,14.688,4.622,14.403,4.622,12 s0.009-2.688,0.052-3.637c0.04-0.877,0.187-1.354,0.31-1.671c0.163-0.42,0.358-0.72,0.673-1.035 c0.315-0.315,0.615-0.51,1.035-0.673c0.317-0.123,0.794-0.27,1.671-0.31C9.312,4.631,9.597,4.622,12,4.622 M12,3 C9.556,3,9.249,3.01,8.289,3.054C7.331,3.098,6.677,3.25,6.105,3.472C5.513,3.702,5.011,4.01,4.511,4.511 c-0.5,0.5-0.808,1.002-1.038,1.594C3.25,6.677,3.098,7.331,3.054,8.289C3.01,9.249,3,9.556,3,12c0,2.444,0.01,2.751,0.054,3.711 c0.044,0.958,0.196,1.612,0.418,2.185c0.23,0.592,0.538,1.094,1.038,1.594c0.5,0.5,1.002,0.808,1.594,1.038 c0.572,0.222,1.227,0.375,2.185,0.418C9.249,20.99,9.556,21,12,21s2.751-0.01,3.711-0.054c0.958-0.044,1.612-0.196,2.185-0.418 c0.592-0.23,1.094-0.538,1.594-1.038c0.5-0.5,0.808-1.002,1.038-1.594c0.222-0.572,0.375-1.227,0.418-2.185 C20.99,14.751,21,14.444,21,12s-0.01-2.751-0.054-3.711c-0.044-0.958-0.196-1.612-0.418-2.185c-0.23-0.592-0.538-1.094-1.038-1.594 c-0.5-0.5-1.002-0.808-1.594-1.038c-0.572-0.222-1.227-0.375-2.185-0.418C14.751,3.01,14.444,3,12,3L12,3z M12,7.378 c-2.552,0-4.622,2.069-4.622,4.622S9.448,16.622,12,16.622s4.622-2.069,4.622-4.622S14.552,7.378,12,7.378z M12,15 c-1.657,0-3-1.343-3-3s1.343-3,3-3s3,1.343,3,3S13.657,15,12,15z M16.804,6.116c-0.596,0-1.08,0.484-1.08,1.08 s0.484,1.08,1.08,1.08c0.596,0,1.08-0.484,1.08-1.08S17.401,6.116,16.804,6.116z\"><\/path><\/svg><span class=\"wp-block-social-link-label screen-reader-text\">Instagram<\/span><\/a><\/li>\n\n<li class=\"wp-social-link wp-social-link-pinterest has-contrast-color wp-block-social-link\"><a href=\"#\" class=\"wp-block-social-link-anchor\"><svg width=\"24\" height=\"24\" viewBox=\"0 0 24 24\" version=\"1.1\" xmlns=\"http:\/\/www.w3.org\/2000\/svg\" aria-hidden=\"true\" focusable=\"false\"><path d=\"M12.289,2C6.617,2,3.606,5.648,3.606,9.622c0,1.846,1.025,4.146,2.666,4.878c0.25,0.111,0.381,0.063,0.439-0.169 c0.044-0.175,0.267-1.029,0.365-1.428c0.032-0.128,0.017-0.237-0.091-0.362C6.445,11.911,6.01,10.75,6.01,9.668 c0-2.777,2.194-5.464,5.933-5.464c3.23,0,5.49,2.108,5.49,5.122c0,3.407-1.794,5.768-4.13,5.768c-1.291,0-2.257-1.021-1.948-2.277 c0.372-1.495,1.089-3.112,1.089-4.191c0-0.967-0.542-1.775-1.663-1.775c-1.319,0-2.379,1.309-2.379,3.059 c0,1.115,0.394,1.869,0.394,1.869s-1.302,5.279-1.54,6.261c-0.405,1.666,0.053,4.368,0.094,4.604 c0.021,0.126,0.167,0.169,0.25,0.063c0.129-0.165,1.699-2.419,2.142-4.051c0.158-0.59,0.817-2.995,0.817-2.995 c0.43,0.784,1.681,1.446,3.013,1.446c3.963,0,6.822-3.494,6.822-7.833C20.394,5.112,16.849,2,12.289,2\"><\/path><\/svg><span class=\"wp-block-social-link-label screen-reader-text\">Pinterest<\/span><\/a><\/li><\/ul>\n<\/div>\n\n\n\n<p class=\"has-accent-3-color has-text-color has-link-color has-xx-large-font-size wp-elements-86b8668817a26477c87ce06ae3ed2dc3\">USEFUL LINKS<\/p>\n\n\n\n<p>The Thistle Pipe Band <a href=\"http:\/\/www.thistlepipeband.com\/\" target=\"_blank\" rel=\"noreferrer noopener\">http:\/\/www.thistlepipeband.com<\/a><\/p>\n\n\n\n<p>The Anglican Church in Stockholm&nbsp;<a href=\"http:\/\/www.stockholmanglicans.se\/\" target=\"_blank\" rel=\"noreferrer noopener\">www.stockholmanglicans.se<\/a><\/p>\n\n\n\n<p>The Anglo-Swedish Society G\u00f6teborg&nbsp;<a href=\"http:\/\/www.angloswedish.se\/\" target=\"_blank\" rel=\"noreferrer noopener\">www.angloswedish.se<\/a><\/p>\n\n\n\n<p>The Anglo-Swedish Society London&nbsp;<a href=\"http:\/\/www.angloswedishsociety.org.uk\/\" target=\"_blank\" rel=\"noreferrer noopener\">www.angloswedishsociety.org.uk<\/a><\/p>\n\n\n\n<p>British and Commonwealth Services Association Sweden <a href=\"https:\/\/www.facebook.com\/abcsws\">https:\/\/www.facebook.com\/abcsws<\/a><\/p>\n\n\n\n<p>The British &amp; Commonwealth Association in Stockholm (see Facebook)<\/p>\n\n\n\n<p>The British Embassy in Stockholm&nbsp;<a href=\"http:\/\/www.gov.uk\/government\/world\/sweden\" target=\"_blank\" rel=\"noreferrer noopener\">www.gov.uk\/government\/world\/sweden<\/a><\/p>\n\n\n\n<p>Internationella Klubben i Stockholm <a href=\"https:\/\/internationellaklubben.se\/\">https:\/\/internationellaklubben.se\/<\/a><\/p>\n\n\n\n<p>British-Swedish Chamber of Commerce&nbsp;<a href=\"http:\/\/www.bscc.info\/\" target=\"_blank\" rel=\"noreferrer noopener\">www.bscc.info<\/a><\/p>\n\n\n\n<p>Caledonian Society of Sweden&nbsp;<a href=\"http:\/\/www.calsoc.se\/\" target=\"_blank\" rel=\"noreferrer noopener\">www.calsoc.se<\/a><\/p>\n\n\n\n<p>Embassies&nbsp;<a href=\"http:\/\/www.embassyworld.com\/\" target=\"_blank\" rel=\"noreferrer noopener\">www.embassyworld.com<\/a><\/p>\n\n\n\n<p>English Speaking Community Club in Sweden&nbsp;<a href=\"http:\/\/www.escc.se\/\" target=\"_blank\" rel=\"noreferrer noopener\">www.escc.se<\/a><\/p>\n\n\n\n<p>English Speaking Swedish Community&nbsp;xpats.nu<\/p>\n\n\n\n<p>Expats in Stockholm and Sweden <a href=\"https:\/\/www.facebook.com\/groups\/expatsclubstockholm\">https:\/\/www.facebook.com\/groups\/expatsclubstockholm<\/a><\/p>\n\n\n\n<p>Expat Women Sweden&nbsp;<a href=\"http:\/\/www.expatwomen.com\/\" target=\"_blank\" rel=\"noreferrer noopener\">www.expatwomen.com<\/a><\/p>\n\n\n\n<p>Glyndebourne Opera&nbsp;<a href=\"http:\/\/www.glyndebourne.com\/\" target=\"_blank\" rel=\"noreferrer noopener\">www.glyndebourne.com<\/a><\/p>\n\n\n\n<p>H\u00f6galid Hedgehogs&nbsp;thehedgehogsplaygroup.wordpress.com<\/p>\n\n\n\n<p>International Friends of Stockholm&nbsp;<a href=\"http:\/\/www.friendsofstockholm.se\/\" target=\"_blank\" rel=\"noreferrer noopener\">www.friendsofstockholm.se<\/a><\/p>\n\n\n\n<p>Legion of Frontiersmen&nbsp;<a href=\"http:\/\/www.legion-of-frontiersmen.org\/\" target=\"_blank\" rel=\"noreferrer noopener\">www.legion-of-frontiersmen.org<\/a><\/p>\n\n\n\n<p>New Zealand Sweden Society&nbsp;<a href=\"http:\/\/www.kiwiclub.se\/\" target=\"_blank\" rel=\"noreferrer noopener\">www.kiwiclub.se<\/a><\/p>\n\n\n\n<p>Newcomers Club Sweden&nbsp;<a href=\"http:\/\/www.newcomersclub.com\/\" target=\"_blank\" rel=\"noreferrer noopener\">www.newcomersclub.com<\/a><\/p>\n\n\n\n<p>The Pipes &amp; Drums of the 1st Royal Engineers&nbsp;<a href=\"http:\/\/www.sackpipa.com\/\" target=\"_blank\" rel=\"noreferrer noopener\">www.sackpipa.com<\/a><\/p>\n\n\n\n<p>The Royal Swedish Golfing Society&nbsp;rsgsgolf.com<\/p>\n\n\n\n<p>Scottish House&nbsp;<a href=\"http:\/\/www.scottish.se\/\" target=\"_blank\" rel=\"noreferrer noopener\">www.scottish.se<\/a><\/p>\n\n\n\n<p>Stockholm English Speaking Theatre&nbsp;<a href=\"http:\/\/www.sestcompany.com\/\" target=\"_blank\" rel=\"noreferrer noopener\">www.sestcompany.com<\/a><\/p>\n\n\n\n<p>Stockholm International Rotary Club sirc-webspace.spaces.live.com<\/p>\n\n\n\n<p>Stockholm Single Malt Society&nbsp;home.swipnet.se\/~w-15573<\/p>\n\n\n\n<p>Svenskar i V\u00e4rlden&nbsp;<a href=\"http:\/\/www.sviv.se\/\" target=\"_blank\" rel=\"noreferrer noopener\">www.sviv.se<\/a><\/p>\n\n\n\n<p>SWEA London&nbsp;<a href=\"http:\/\/www.swea.org\/london\" target=\"_blank\" rel=\"noreferrer noopener\">www.swea.org\/london<\/a><\/p>\n\n\n\n<p>The Swedish-Irish Society&nbsp;<a href=\"http:\/\/www.swedishirish.com\/\" target=\"_blank\" rel=\"noreferrer noopener\">www.swedishirish.com<\/a><\/p>\n\n\n\n<p>The British Council in Sweden&nbsp;<a href=\"http:\/\/www.britishcouncil.se\/\" target=\"_blank\" rel=\"noreferrer noopener\">www.britishcouncil.se<\/a><\/p>\n\n\n\n<p>Tweed Country Sports&nbsp;<a href=\"http:\/\/www.countrysports.se\/\" target=\"_blank\" rel=\"noreferrer noopener\">www.countrysports.se<\/a><\/p>\n<\/div>\n\n\n\n<p><\/p>\n","protected":false},"excerpt":{"rendered":"<p>R The Swedish-British Society Valhallav\u00e4gen 104 bv 114 41 STOCKHOLM Plusgiro: 3424-9 Swish: 1235094222 Organization number 802003-3265 office@swbr.se Undrar du \u00f6ver n\u00e5got? Kontakta oss g\u00e4rna. USEFUL LINKS The Thistle Pipe Band http:\/\/www.thistlepipeband.com The Anglican Church in Stockholm&nbsp;www.stockholmanglicans.se The Anglo-Swedish Society G\u00f6teborg&nbsp;www.angloswedish.se The Anglo-Swedish Society London&nbsp;www.angloswedishsociety.org.uk British and Commonwealth Services Association Sweden https:\/\/www.facebook.com\/abcsws The British &amp; [&hellip;]<\/p>\n","protected":false},"author":5,"featured_media":0,"parent":0,"menu_order":7,"comment_status":"closed","ping_status":"closed","template":"","meta":{"footnotes":""},"class_list":["post-124","page","type-page","status-publish","hentry"],"_links":{"self":[{"href":"https:\/\/www.swbr.se\/index.php\/wp-json\/wp\/v2\/pages\/124","targetHints":{"allow":["GET"]}}],"collection":[{"href":"https:\/\/www.swbr.se\/index.php\/wp-json\/wp\/v2\/pages"}],"about":[{"href":"https:\/\/www.swbr.se\/index.php\/wp-json\/wp\/v2\/types\/page"}],"author":[{"embeddable":true,"href":"https:\/\/www.swbr.se\/index.php\/wp-json\/wp\/v2\/users\/5"}],"replies":[{"embeddable":true,"href":"https:\/\/www.swbr.se\/index.php\/wp-json\/wp\/v2\/comments?post=124"}],"version-history":[{"count":22,"href":"https:\/\/www.swbr.se\/index.php\/wp-json\/wp\/v2\/pages\/124\/revisions"}],"predecessor-version":[{"id":339,"href":"https:\/\/www.swbr.se\/index.php\/wp-json\/wp\/v2\/pages\/124\/revisions\/339"}],"wp:attachment":[{"href":"https:\/\/www.swbr.se\/index.php\/wp-json\/wp\/v2\/media?parent=124"}],"curies":[{"name":"wp","href":"https:\/\/api.w.org\/{rel}","templated":true}]}}