{"id":150,"date":"2025-10-21T15:58:40","date_gmt":"2025-10-21T15:58:40","guid":{"rendered":"https:\/\/www.swbr.se\/?page_id=150"},"modified":"2025-12-15T15:55:28","modified_gmt":"2025-12-15T15:55:28","slug":"picture-gallery","status":"publish","type":"page","link":"https:\/\/www.swbr.se\/index.php\/picture-gallery\/","title":{"rendered":"News"},"content":{"rendered":"\n<p class=\"has-base-color has-text-color has-link-color has-xx-large-font-size wp-elements-80241e679af3d02c863a8990bc6f9e4c\">R<\/p>\n\n\n\n<div class=\"wp-block-group alignfull has-global-padding is-layout-constrained wp-block-group-is-layout-constrained\" style=\"margin-top:0;margin-bottom:0;padding-top:var(--wp--preset--spacing--50);padding-bottom:var(--wp--preset--spacing--50)\">\n<div class=\"wp-block-columns alignwide is-layout-flex wp-container-core-columns-is-layout-47c06fe3 wp-block-columns-is-layout-flex\">\n<div class=\"wp-block-column is-layout-flow wp-block-column-is-layout-flow\" style=\"flex-basis:56%\">\n<figure class=\"wp-block-image size-full\"><img loading=\"lazy\" decoding=\"async\" width=\"1440\" height=\"1440\" src=\"https:\/\/www.swbr.se\/wp-content\/uploads\/2025\/10\/543039185_18487196263075513_3374392077253239598_n.jpg\" alt=\"\" class=\"wp-image-200\" style=\"aspect-ratio:1;object-fit:cover\" srcset=\"https:\/\/www.swbr.se\/wp-content\/uploads\/2025\/10\/543039185_18487196263075513_3374392077253239598_n.jpg 1440w, https:\/\/www.swbr.se\/wp-content\/uploads\/2025\/10\/543039185_18487196263075513_3374392077253239598_n-300x300.jpg 300w, https:\/\/www.swbr.se\/wp-content\/uploads\/2025\/10\/543039185_18487196263075513_3374392077253239598_n-1024x1024.jpg 1024w, https:\/\/www.swbr.se\/wp-content\/uploads\/2025\/10\/543039185_18487196263075513_3374392077253239598_n-150x150.jpg 150w, https:\/\/www.swbr.se\/wp-content\/uploads\/2025\/10\/543039185_18487196263075513_3374392077253239598_n-768x768.jpg 768w\" sizes=\"auto, (max-width: 1440px) 100vw, 1440px\" \/><\/figure>\n<\/div>\n\n\n\n<div class=\"wp-block-column is-vertically-aligned-center is-layout-flow wp-container-core-column-is-layout-119bc444 wp-block-column-is-layout-flow\">\n<h2 class=\"wp-block-heading\">A marvelous consert at Elghammar<\/h2>\n\n\n\n<p>P\u00e5 samma s\u00e4tt som blommor kan sl\u00e5 ut p\u00e5 ov\u00e4ntade platser har varje ber\u00e4ttelse en sk\u00f6nhet och styrka som kan avsl\u00f6ja dolda underverk.<\/p>\n\n\n\n<div class=\"wp-block-buttons is-layout-flex wp-block-buttons-is-layout-flex\">\n<div class=\"wp-block-button\"><a class=\"wp-block-button__link wp-element-button\">L\u00e4s mer<\/a><\/div>\n<\/div>\n<\/div>\n<\/div>\n<\/div>\n\n\n\n<div class=\"wp-block-group alignfull has-global-padding is-layout-constrained wp-block-group-is-layout-constrained\" style=\"margin-top:0;margin-bottom:0;padding-top:var(--wp--preset--spacing--50);padding-bottom:var(--wp--preset--spacing--50)\">\n<div class=\"wp-block-group alignwide is-layout-grid wp-container-core-group-is-layout-840b37f5 wp-block-group-is-layout-grid\">\n<div class=\"wp-block-group is-vertical is-layout-flex wp-container-core-group-is-layout-d6b9ab57 wp-block-group-is-layout-flex\">\n<h2 class=\"wp-block-heading has-x-large-font-size\">Elghammar<\/h2>\n<\/div>\n\n\n\n<div class=\"wp-block-group is-vertical is-content-justification-stretch is-layout-flex wp-container-core-group-is-layout-353c4f5a wp-block-group-is-layout-flex\">\n<div class=\"wp-block-cover is-light\"><img loading=\"lazy\" decoding=\"async\" width=\"562\" height=\"1024\" class=\"wp-block-cover__image-background wp-image-197 size-large\" alt=\"\" src=\"https:\/\/www.swbr.se\/wp-content\/uploads\/2025\/10\/Xs8s00cA-562x1024.jpeg\" data-object-fit=\"cover\" srcset=\"https:\/\/www.swbr.se\/wp-content\/uploads\/2025\/10\/Xs8s00cA-562x1024.jpeg 562w, https:\/\/www.swbr.se\/wp-content\/uploads\/2025\/10\/Xs8s00cA-165x300.jpeg 165w, https:\/\/www.swbr.se\/wp-content\/uploads\/2025\/10\/Xs8s00cA-768x1400.jpeg 768w, https:\/\/www.swbr.se\/wp-content\/uploads\/2025\/10\/Xs8s00cA-842x1536.jpeg 842w, https:\/\/www.swbr.se\/wp-content\/uploads\/2025\/10\/Xs8s00cA-1123x2048.jpeg 1123w, https:\/\/www.swbr.se\/wp-content\/uploads\/2025\/10\/Xs8s00cA-scaled.jpeg 1404w\" sizes=\"auto, (max-width: 562px) 100vw, 562px\" \/><span aria-hidden=\"true\" class=\"wp-block-cover__background has-background-dim-0 has-background-dim\" style=\"background-color:#97949c\"><\/span><div class=\"wp-block-cover__inner-container has-global-padding is-layout-constrained wp-block-cover-is-layout-constrained\">\n<div style=\"height:var(--wp--preset--spacing--20)\" aria-hidden=\"true\" class=\"wp-block-spacer\"><\/div>\n<\/div><\/div>\n\n\n\n<p class=\"has-text-align-center\">Anthurium<\/p>\n<\/div>\n\n\n\n<div class=\"wp-block-group is-vertical is-content-justification-stretch is-layout-flex wp-container-core-group-is-layout-353c4f5a wp-block-group-is-layout-flex\">\n<div class=\"wp-block-cover is-light\"><img loading=\"lazy\" decoding=\"async\" width=\"768\" height=\"1024\" class=\"wp-block-cover__image-background wp-image-198 size-large\" alt=\"\" src=\"https:\/\/www.swbr.se\/wp-content\/uploads\/2025\/10\/GnJoP5Dc-768x1024.jpeg\" data-object-fit=\"cover\" srcset=\"https:\/\/www.swbr.se\/wp-content\/uploads\/2025\/10\/GnJoP5Dc-768x1024.jpeg 768w, https:\/\/www.swbr.se\/wp-content\/uploads\/2025\/10\/GnJoP5Dc-225x300.jpeg 225w, https:\/\/www.swbr.se\/wp-content\/uploads\/2025\/10\/GnJoP5Dc-1152x1536.jpeg 1152w, https:\/\/www.swbr.se\/wp-content\/uploads\/2025\/10\/GnJoP5Dc-1536x2048.jpeg 1536w, https:\/\/www.swbr.se\/wp-content\/uploads\/2025\/10\/GnJoP5Dc-scaled.jpeg 1920w\" sizes=\"auto, (max-width: 768px) 100vw, 768px\" \/><span aria-hidden=\"true\" class=\"wp-block-cover__background has-background-dim-0 has-background-dim\" style=\"background-color:#828282\"><\/span><div class=\"wp-block-cover__inner-container has-global-padding is-layout-constrained wp-block-cover-is-layout-constrained\">\n<div style=\"height:var(--wp--preset--spacing--20)\" aria-hidden=\"true\" class=\"wp-block-spacer\"><\/div>\n<\/div><\/div>\n\n\n\n<p class=\"has-text-align-center\">Kaktus<\/p>\n<\/div>\n\n\n\n<div class=\"wp-block-group is-vertical is-content-justification-stretch is-layout-flex wp-container-core-group-is-layout-353c4f5a wp-block-group-is-layout-flex\">\n<div class=\"wp-block-cover is-light\"><img loading=\"lazy\" decoding=\"async\" width=\"768\" height=\"1024\" class=\"wp-block-cover__image-background wp-image-199 size-large\" alt=\"\" src=\"https:\/\/www.swbr.se\/wp-content\/uploads\/2025\/10\/L2G-dQNA-768x1024.jpeg\" data-object-fit=\"cover\" srcset=\"https:\/\/www.swbr.se\/wp-content\/uploads\/2025\/10\/L2G-dQNA-768x1024.jpeg 768w, https:\/\/www.swbr.se\/wp-content\/uploads\/2025\/10\/L2G-dQNA-225x300.jpeg 225w, https:\/\/www.swbr.se\/wp-content\/uploads\/2025\/10\/L2G-dQNA-1152x1536.jpeg 1152w, https:\/\/www.swbr.se\/wp-content\/uploads\/2025\/10\/L2G-dQNA-1536x2048.jpeg 1536w, https:\/\/www.swbr.se\/wp-content\/uploads\/2025\/10\/L2G-dQNA-scaled.jpeg 1920w\" sizes=\"auto, (max-width: 768px) 100vw, 768px\" \/><span aria-hidden=\"true\" class=\"wp-block-cover__background has-background-dim-0 has-background-dim\" style=\"background-color:#d6bc98\"><\/span><div class=\"wp-block-cover__inner-container has-global-padding is-layout-constrained wp-block-cover-is-layout-constrained\">\n<div style=\"height:var(--wp--preset--spacing--20)\" aria-hidden=\"true\" class=\"wp-block-spacer\"><\/div>\n<\/div><\/div>\n\n\n\n<p class=\"has-text-align-center\">Solrosor<\/p>\n<\/div>\n<\/div>\n<\/div>\n\n\n\n<div class=\"wp-block-group alignfull has-global-padding is-layout-constrained wp-block-group-is-layout-constrained\" style=\"margin-top:0;margin-bottom:0;padding-top:var(--wp--preset--spacing--50);padding-bottom:var(--wp--preset--spacing--50)\">\n<div class=\"wp-block-group alignwide is-layout-grid wp-container-core-group-is-layout-21f393a4 wp-block-group-is-layout-grid\">\n<div class=\"wp-block-group is-style-section-3 has-global-padding is-layout-constrained wp-block-group-is-layout-constrained is-style-section-3--1\" style=\"min-height:297px\">\n<div class=\"wp-block-group is-vertical is-content-justification-center is-layout-flex wp-container-core-group-is-layout-4aa192bb wp-block-group-is-layout-flex\" style=\"min-height:100%\">\n<h2 class=\"wp-block-heading has-large-font-size\">Instagram<\/h2>\n\n\n\n<p class=\"has-text-align-center has-medium-font-size\"><a href=\"#\">@example<\/a><\/p>\n<\/div>\n<\/div>\n\n\n\n<figure class=\"wp-block-gallery has-nested-images columns-default is-cropped wp-block-gallery-2 is-layout-flex wp-block-gallery-is-layout-flex\">\n<figure class=\"wp-block-image size-full\"><img loading=\"lazy\" decoding=\"async\" width=\"121\" height=\"121\" data-id=\"114\" src=\"https:\/\/www.swbr.se\/wp-content\/uploads\/2025\/10\/Namnlos.jpg\" alt=\"\" class=\"wp-image-114\"\/><figcaption class=\"wp-element-caption\">Crown Prince Gustaf Adolf<\/figcaption><\/figure>\n<\/figure>\n\n\n\n<figure class=\"wp-block-gallery has-nested-images columns-default is-cropped wp-block-gallery-3 is-layout-flex wp-block-gallery-is-layout-flex\">\n<figure class=\"wp-block-image size-full\"><img loading=\"lazy\" decoding=\"async\" width=\"2374\" height=\"2362\" data-id=\"173\" src=\"https:\/\/www.swbr.se\/wp-content\/uploads\/2025\/10\/20230610_155555.jpg\" alt=\"\" class=\"wp-image-173\" srcset=\"https:\/\/www.swbr.se\/wp-content\/uploads\/2025\/10\/20230610_155555.jpg 2374w, https:\/\/www.swbr.se\/wp-content\/uploads\/2025\/10\/20230610_155555-300x298.jpg 300w, https:\/\/www.swbr.se\/wp-content\/uploads\/2025\/10\/20230610_155555-1024x1019.jpg 1024w, https:\/\/www.swbr.se\/wp-content\/uploads\/2025\/10\/20230610_155555-150x150.jpg 150w, https:\/\/www.swbr.se\/wp-content\/uploads\/2025\/10\/20230610_155555-768x764.jpg 768w, https:\/\/www.swbr.se\/wp-content\/uploads\/2025\/10\/20230610_155555-1536x1528.jpg 1536w, https:\/\/www.swbr.se\/wp-content\/uploads\/2025\/10\/20230610_155555-2048x2038.jpg 2048w\" sizes=\"auto, (max-width: 2374px) 100vw, 2374px\" \/><\/figure>\n<\/figure>\n\n\n\n<figure class=\"wp-block-image size-full\"><img loading=\"lazy\" decoding=\"async\" width=\"140\" height=\"154\" src=\"https:\/\/www.swbr.se\/wp-content\/uploads\/2025\/10\/Namnlos.png\" alt=\"\" class=\"wp-image-191\" style=\"aspect-ratio:1;object-fit:cover\"\/><\/figure>\n\n\n\n<figure class=\"wp-block-gallery has-nested-images columns-default is-cropped wp-block-gallery-4 is-layout-flex wp-block-gallery-is-layout-flex\">\n<figure class=\"wp-block-image size-full\"><img loading=\"lazy\" decoding=\"async\" width=\"567\" height=\"555\" data-id=\"196\" src=\"https:\/\/www.swbr.se\/wp-content\/uploads\/2025\/10\/IMG_0698.jpg\" alt=\"\" class=\"wp-image-196\" style=\"aspect-ratio:1;object-fit:cover\" srcset=\"https:\/\/www.swbr.se\/wp-content\/uploads\/2025\/10\/IMG_0698.jpg 567w, https:\/\/www.swbr.se\/wp-content\/uploads\/2025\/10\/IMG_0698-300x294.jpg 300w\" sizes=\"auto, (max-width: 567px) 100vw, 567px\" \/><\/figure>\n<\/figure>\n\n\n\n<figure class=\"wp-block-image size-full\"><img loading=\"lazy\" decoding=\"async\" width=\"2048\" height=\"1536\" src=\"https:\/\/www.swbr.se\/wp-content\/uploads\/2025\/10\/IMG_9044.jpg\" alt=\"\" class=\"wp-image-193\" style=\"aspect-ratio:1;object-fit:cover\" srcset=\"https:\/\/www.swbr.se\/wp-content\/uploads\/2025\/10\/IMG_9044.jpg 2048w, https:\/\/www.swbr.se\/wp-content\/uploads\/2025\/10\/IMG_9044-300x225.jpg 300w, https:\/\/www.swbr.se\/wp-content\/uploads\/2025\/10\/IMG_9044-1024x768.jpg 1024w, https:\/\/www.swbr.se\/wp-content\/uploads\/2025\/10\/IMG_9044-768x576.jpg 768w, https:\/\/www.swbr.se\/wp-content\/uploads\/2025\/10\/IMG_9044-1536x1152.jpg 1536w\" sizes=\"auto, (max-width: 2048px) 100vw, 2048px\" \/><\/figure>\n\n\n\n<figure class=\"wp-block-image size-full\"><img loading=\"lazy\" decoding=\"async\" width=\"1194\" height=\"565\" src=\"https:\/\/www.swbr.se\/wp-content\/uploads\/2025\/10\/505592467_10232287491944041_241482107059846631_n.jpg\" alt=\"\" class=\"wp-image-194\" style=\"aspect-ratio:1;object-fit:cover\" srcset=\"https:\/\/www.swbr.se\/wp-content\/uploads\/2025\/10\/505592467_10232287491944041_241482107059846631_n.jpg 1194w, https:\/\/www.swbr.se\/wp-content\/uploads\/2025\/10\/505592467_10232287491944041_241482107059846631_n-300x142.jpg 300w, https:\/\/www.swbr.se\/wp-content\/uploads\/2025\/10\/505592467_10232287491944041_241482107059846631_n-1024x485.jpg 1024w, https:\/\/www.swbr.se\/wp-content\/uploads\/2025\/10\/505592467_10232287491944041_241482107059846631_n-768x363.jpg 768w\" sizes=\"auto, (max-width: 1194px) 100vw, 1194px\" \/><\/figure>\n\n\n\n<figure class=\"wp-block-image size-full\"><img loading=\"lazy\" decoding=\"async\" width=\"1170\" height=\"1560\" src=\"https:\/\/www.swbr.se\/wp-content\/uploads\/2025\/10\/543362293_18521595262011890_8419205608179958786_n.jpg\" alt=\"\" class=\"wp-image-195\" style=\"aspect-ratio:1;object-fit:cover\" srcset=\"https:\/\/www.swbr.se\/wp-content\/uploads\/2025\/10\/543362293_18521595262011890_8419205608179958786_n.jpg 1170w, https:\/\/www.swbr.se\/wp-content\/uploads\/2025\/10\/543362293_18521595262011890_8419205608179958786_n-225x300.jpg 225w, https:\/\/www.swbr.se\/wp-content\/uploads\/2025\/10\/543362293_18521595262011890_8419205608179958786_n-768x1024.jpg 768w, https:\/\/www.swbr.se\/wp-content\/uploads\/2025\/10\/543362293_18521595262011890_8419205608179958786_n-1152x1536.jpg 1152w\" sizes=\"auto, (max-width: 1170px) 100vw, 1170px\" \/><\/figure>\n<\/div>\n\n\n\n<div class=\"wp-block-group alignwide is-layout-grid wp-container-core-group-is-layout-21f393a4 wp-block-group-is-layout-grid\">\n<div class=\"wp-block-group is-style-section-3 has-global-padding is-layout-constrained wp-block-group-is-layout-constrained is-style-section-3--5\" style=\"min-height:297px\">\n<div class=\"wp-block-group is-vertical is-content-justification-center is-layout-flex wp-container-core-group-is-layout-4aa192bb wp-block-group-is-layout-flex\" style=\"min-height:100%\">\n<h2 class=\"wp-block-heading has-large-font-size\">Instagram<\/h2>\n\n\n\n<p class=\"has-text-align-center has-medium-font-size\"><a href=\"#\">@example<\/a><\/p>\n<\/div>\n<\/div>\n\n\n\n<figure class=\"wp-block-gallery has-nested-images columns-default is-cropped wp-block-gallery-6 is-layout-flex wp-block-gallery-is-layout-flex\">\n<figure class=\"wp-block-image size-full\"><img loading=\"lazy\" decoding=\"async\" width=\"1536\" height=\"2048\" data-id=\"201\" src=\"https:\/\/www.swbr.se\/wp-content\/uploads\/2025\/10\/D1.jpg\" alt=\"\" class=\"wp-image-201\" srcset=\"https:\/\/www.swbr.se\/wp-content\/uploads\/2025\/10\/D1.jpg 1536w, https:\/\/www.swbr.se\/wp-content\/uploads\/2025\/10\/D1-225x300.jpg 225w, https:\/\/www.swbr.se\/wp-content\/uploads\/2025\/10\/D1-768x1024.jpg 768w, https:\/\/www.swbr.se\/wp-content\/uploads\/2025\/10\/D1-1152x1536.jpg 1152w\" sizes=\"auto, (max-width: 1536px) 100vw, 1536px\" \/><figcaption class=\"wp-element-caption\">Crown Prince Gustaf Adolf<\/figcaption><\/figure>\n<\/figure>\n\n\n\n<figure class=\"wp-block-gallery has-nested-images columns-default is-cropped wp-block-gallery-7 is-layout-flex wp-block-gallery-is-layout-flex\">\n<figure class=\"wp-block-image size-full\"><img loading=\"lazy\" decoding=\"async\" width=\"484\" height=\"610\" data-id=\"202\" src=\"https:\/\/www.swbr.se\/wp-content\/uploads\/2025\/10\/87edeab1-8360-4427-ce02-b833950fae42.png\" alt=\"\" class=\"wp-image-202\" srcset=\"https:\/\/www.swbr.se\/wp-content\/uploads\/2025\/10\/87edeab1-8360-4427-ce02-b833950fae42.png 484w, https:\/\/www.swbr.se\/wp-content\/uploads\/2025\/10\/87edeab1-8360-4427-ce02-b833950fae42-238x300.png 238w\" sizes=\"auto, (max-width: 484px) 100vw, 484px\" \/><\/figure>\n<\/figure>\n\n\n\n<figure class=\"wp-block-image size-full\"><img loading=\"lazy\" decoding=\"async\" width=\"1200\" height=\"1600\" src=\"https:\/\/www.swbr.se\/wp-content\/uploads\/2025\/10\/1_92565255-5161-2a67-47cd-c4fcd23bcc25.png\" alt=\"\" class=\"wp-image-209\" style=\"aspect-ratio:1;object-fit:cover\" srcset=\"https:\/\/www.swbr.se\/wp-content\/uploads\/2025\/10\/1_92565255-5161-2a67-47cd-c4fcd23bcc25.png 1200w, https:\/\/www.swbr.se\/wp-content\/uploads\/2025\/10\/1_92565255-5161-2a67-47cd-c4fcd23bcc25-225x300.png 225w, https:\/\/www.swbr.se\/wp-content\/uploads\/2025\/10\/1_92565255-5161-2a67-47cd-c4fcd23bcc25-768x1024.png 768w, https:\/\/www.swbr.se\/wp-content\/uploads\/2025\/10\/1_92565255-5161-2a67-47cd-c4fcd23bcc25-1152x1536.png 1152w\" sizes=\"auto, (max-width: 1200px) 100vw, 1200px\" \/><\/figure>\n\n\n\n<figure class=\"wp-block-gallery has-nested-images columns-default is-cropped wp-block-gallery-8 is-layout-flex wp-block-gallery-is-layout-flex\"><\/figure>\n\n\n\n<figure class=\"wp-block-image size-full\"><img loading=\"lazy\" decoding=\"async\" width=\"367\" height=\"336\" src=\"https:\/\/www.swbr.se\/wp-content\/uploads\/2025\/10\/04d5c88d-ee13-afdc-cdd8-7899e30187e4.png\" alt=\"\" class=\"wp-image-205\" style=\"aspect-ratio:1;object-fit:cover\" srcset=\"https:\/\/www.swbr.se\/wp-content\/uploads\/2025\/10\/04d5c88d-ee13-afdc-cdd8-7899e30187e4.png 367w, https:\/\/www.swbr.se\/wp-content\/uploads\/2025\/10\/04d5c88d-ee13-afdc-cdd8-7899e30187e4-300x275.png 300w\" sizes=\"auto, (max-width: 367px) 100vw, 367px\" \/><\/figure>\n\n\n\n<figure class=\"wp-block-image size-full\"><img loading=\"lazy\" decoding=\"async\" width=\"494\" height=\"611\" src=\"https:\/\/www.swbr.se\/wp-content\/uploads\/2025\/10\/Skarmavbild-2025-05-17-kl.-12.45.44.png\" alt=\"\" class=\"wp-image-206\" style=\"aspect-ratio:1;object-fit:cover\" srcset=\"https:\/\/www.swbr.se\/wp-content\/uploads\/2025\/10\/Skarmavbild-2025-05-17-kl.-12.45.44.png 494w, https:\/\/www.swbr.se\/wp-content\/uploads\/2025\/10\/Skarmavbild-2025-05-17-kl.-12.45.44-243x300.png 243w\" sizes=\"auto, (max-width: 494px) 100vw, 494px\" \/><\/figure>\n\n\n\n<figure class=\"wp-block-image size-full\"><img loading=\"lazy\" decoding=\"async\" width=\"1194\" height=\"1493\" src=\"https:\/\/www.swbr.se\/wp-content\/uploads\/2025\/10\/4_9995ca1a-16f0-804e-9fc8-07d02a250630.jpeg\" alt=\"\" class=\"wp-image-207\" style=\"aspect-ratio:1;object-fit:cover\" srcset=\"https:\/\/www.swbr.se\/wp-content\/uploads\/2025\/10\/4_9995ca1a-16f0-804e-9fc8-07d02a250630.jpeg 1194w, https:\/\/www.swbr.se\/wp-content\/uploads\/2025\/10\/4_9995ca1a-16f0-804e-9fc8-07d02a250630-240x300.jpeg 240w, https:\/\/www.swbr.se\/wp-content\/uploads\/2025\/10\/4_9995ca1a-16f0-804e-9fc8-07d02a250630-819x1024.jpeg 819w, https:\/\/www.swbr.se\/wp-content\/uploads\/2025\/10\/4_9995ca1a-16f0-804e-9fc8-07d02a250630-768x960.jpeg 768w\" sizes=\"auto, (max-width: 1194px) 100vw, 1194px\" \/><\/figure>\n<\/div>\n<\/div>\n\n\n\n<p><\/p>\n","protected":false},"excerpt":{"rendered":"<p>R A marvelous consert at Elghammar P\u00e5 samma s\u00e4tt som blommor kan sl\u00e5 ut p\u00e5 ov\u00e4ntade platser har varje ber\u00e4ttelse en sk\u00f6nhet och styrka som kan avsl\u00f6ja dolda underverk. Elghammar Anthurium Kaktus Solrosor Instagram @example Instagram @example<\/p>\n","protected":false},"author":5,"featured_media":0,"parent":0,"menu_order":6,"comment_status":"closed","ping_status":"closed","template":"","meta":{"footnotes":""},"class_list":["post-150","page","type-page","status-publish","hentry"],"_links":{"self":[{"href":"https:\/\/www.swbr.se\/index.php\/wp-json\/wp\/v2\/pages\/150","targetHints":{"allow":["GET"]}}],"collection":[{"href":"https:\/\/www.swbr.se\/index.php\/wp-json\/wp\/v2\/pages"}],"about":[{"href":"https:\/\/www.swbr.se\/index.php\/wp-json\/wp\/v2\/types\/page"}],"author":[{"embeddable":true,"href":"https:\/\/www.swbr.se\/index.php\/wp-json\/wp\/v2\/users\/5"}],"replies":[{"embeddable":true,"href":"https:\/\/www.swbr.se\/index.php\/wp-json\/wp\/v2\/comments?post=150"}],"version-history":[{"count":10,"href":"https:\/\/www.swbr.se\/index.php\/wp-json\/wp\/v2\/pages\/150\/revisions"}],"predecessor-version":[{"id":338,"href":"https:\/\/www.swbr.se\/index.php\/wp-json\/wp\/v2\/pages\/150\/revisions\/338"}],"wp:attachment":[{"href":"https:\/\/www.swbr.se\/index.php\/wp-json\/wp\/v2\/media?parent=150"}],"curies":[{"name":"wp","href":"https:\/\/api.w.org\/{rel}","templated":true}]}}