{"id":72,"date":"2025-10-21T11:23:01","date_gmt":"2025-10-21T11:23:01","guid":{"rendered":"https:\/\/www.swbr.se\/?page_id=72"},"modified":"2026-04-12T21:39:20","modified_gmt":"2026-04-12T21:39:20","slug":"the-council","status":"publish","type":"page","link":"https:\/\/www.swbr.se\/index.php\/the-council\/","title":{"rendered":"The Council &amp; elected officials"},"content":{"rendered":"\n<p>F\u00f6rtroendevalda<\/p>\n\n\n\n<p class=\"has-base-color has-text-color has-link-color has-xx-large-font-size wp-elements-80241e679af3d02c863a8990bc6f9e4c\">R<\/p>\n\n\n\n<p><\/p>\n\n\n\n<figure class=\"wp-block-image aligncenter size-full wp-duotone-unset-1\"><img loading=\"lazy\" decoding=\"async\" width=\"2495\" height=\"1494\" src=\"http:\/\/www.swbr.se\/wp-content\/uploads\/2025\/10\/20250719_173317-1-1.jpeg\" alt=\"\" class=\"wp-image-112\" srcset=\"https:\/\/www.swbr.se\/wp-content\/uploads\/2025\/10\/20250719_173317-1-1.jpeg 2495w, https:\/\/www.swbr.se\/wp-content\/uploads\/2025\/10\/20250719_173317-1-1-300x180.jpeg 300w, https:\/\/www.swbr.se\/wp-content\/uploads\/2025\/10\/20250719_173317-1-1-1024x613.jpeg 1024w, https:\/\/www.swbr.se\/wp-content\/uploads\/2025\/10\/20250719_173317-1-1-768x460.jpeg 768w, https:\/\/www.swbr.se\/wp-content\/uploads\/2025\/10\/20250719_173317-1-1-1536x920.jpeg 1536w, https:\/\/www.swbr.se\/wp-content\/uploads\/2025\/10\/20250719_173317-1-1-2048x1226.jpeg 2048w\" sizes=\"auto, (max-width: 2495px) 100vw, 2495px\" \/><figcaption class=\"wp-element-caption\">King Gustaf VI Adolf and his consort Queen Louise<\/figcaption><\/figure>\n\n\n\n<p class=\"has-base-color has-text-color has-link-color wp-elements-2fdc8bfd4931926d1ab37f5693218710\">R<\/p>\n\n\n\n<p class=\"has-accent-3-color has-text-color has-link-color wp-elements-0defc1efdef1b06ac628f72a0fcf4282\"><strong>Hedersmedlemmar<\/strong><\/p>\n\n\n\n<p>Princess Christina, Mrs Magnuson<\/p>\n\n\n\n<p>Charles-Louis, Duke of d\u00b4Otrante<\/p>\n\n\n\n<p class=\"has-base-color has-text-color has-link-color wp-elements-2fdc8bfd4931926d1ab37f5693218710\">R<\/p>\n\n\n\n<p class=\"has-accent-3-color has-text-color has-link-color wp-elements-f793b2e815e3cca35f43eb6c3aef06c1\"><strong>Ordf\u00f6rande<\/strong><\/p>\n\n\n\n<p>Carin Kaunitz<\/p>\n\n\n\n<p class=\"has-base-color has-text-color has-link-color wp-elements-5677ca0d3c4cbf5a8ac048874498931b\">\/1<\/p>\n\n\n\n<p><\/p>\n\n\n\n<p><\/p>\n\n\n\n<p class=\"has-accent-3-color has-text-color has-link-color wp-elements-f44102c2ca8ce91157d9dc136147ae39\"><strong>Vice ordf\u00f6randen<\/strong><\/p>\n\n\n\n<p>Andr\u00e9 Andersson<\/p>\n\n\n\n<p>Richard Nystrom <\/p>\n\n\n\n<p class=\"has-base-color has-text-color has-link-color wp-elements-2fdc8bfd4931926d1ab37f5693218710\">R<\/p>\n\n\n\n<p class=\"has-accent-3-color has-text-color has-link-color wp-elements-bfbb5349949e1ca6f94ae572514d1f4e\"><strong>Heders viceordf\u00f6randen<\/strong><\/p>\n\n\n\n<p>Dr Erik Penser<\/p>\n\n\n\n<p>Dr Stefan Persson<\/p>\n\n\n\n<p class=\"has-base-color has-text-color has-link-color wp-elements-5677ca0d3c4cbf5a8ac048874498931b\">\/1<\/p>\n\n\n\n<p><\/p>\n\n\n\n<p class=\"has-accent-3-color has-text-color has-link-color wp-elements-f2767a51bf3a136554fc59a77eac292a\"><strong>Sekreterare<\/strong><\/p>\n\n\n\n<p>Louise Hjerpe<\/p>\n\n\n\n<p class=\"has-base-color has-text-color has-link-color wp-elements-2fdc8bfd4931926d1ab37f5693218710\">R<\/p>\n\n\n\n<p class=\"has-accent-3-color has-text-color has-link-color wp-elements-46e981599c4dce221d22708f0115a0c2\"><strong>Kass\u00f6r<\/strong><\/p>\n\n\n\n<p>Diana Redeker<\/p>\n\n\n\n<p class=\"has-base-color has-text-color has-link-color wp-elements-2fdc8bfd4931926d1ab37f5693218710\">R<\/p>\n\n\n\n<p class=\"has-accent-3-color has-text-color has-link-color wp-elements-d639bd2b9d1fc434bbf4649b7f97a61d\"><strong>Ceremonim\u00e4stare<\/strong><\/p>\n\n\n\n<p>Johannes Lindstr\u00f6m (Sverige)<\/p>\n\n\n\n<p>Vakant (Sverige)<\/p>\n\n\n\n<p class=\"has-base-color has-text-color has-link-color wp-elements-2fdc8bfd4931926d1ab37f5693218710\">R<\/p>\n\n\n\n<p class=\"has-accent-3-color has-text-color has-link-color wp-elements-b4254faba17c9a9acfa59c1bc363d1b2\"><strong>Styrelseledam\u00f6ter<\/strong><\/p>\n\n\n\n<p>Mats Hanqvist<\/p>\n\n\n\n<p>Gustaf Wilhelm Hellstedt&nbsp; <strong>&nbsp; &nbsp; &nbsp; &nbsp; &nbsp; &nbsp; &nbsp; &nbsp; &nbsp;&nbsp;&nbsp; &nbsp; &nbsp; &nbsp; &nbsp; &nbsp; &nbsp; &nbsp; &nbsp; &nbsp; &nbsp; &nbsp; &nbsp; &nbsp; &nbsp; &nbsp; &nbsp;&nbsp;<\/strong><\/p>\n\n\n\n<p>Louise Hjerpe &nbsp;sekreterare&nbsp; &nbsp; &nbsp; &nbsp; &nbsp; &nbsp; &nbsp; &nbsp; &nbsp;&nbsp;<\/p>\n\n\n\n<p>Robert Hultman<\/p>\n\n\n\n<p>Mikael Kindahl<\/p>\n\n\n\n<p>Christopher Lagerqvist<\/p>\n\n\n\n<p>Johannes&nbsp; Lindstr\u00f6m<\/p>\n\n\n\n<p>Anthony Rees<\/p>\n\n\n\n<p>Fredrik Ringd\u00e9n<strong>&nbsp; &nbsp; &nbsp; &nbsp; &nbsp; &nbsp; &nbsp; &nbsp; &nbsp; &nbsp; &nbsp; &nbsp; &nbsp; &nbsp; &nbsp; &nbsp; &nbsp; &nbsp;&nbsp;&nbsp;<\/strong><\/p>\n\n\n\n<p>Christian Sarvien<strong>&nbsp; &nbsp; &nbsp; &nbsp; &nbsp; &nbsp; &nbsp; &nbsp; &nbsp; &nbsp; &nbsp; &nbsp; &nbsp; &nbsp; &nbsp;&nbsp;<\/strong><\/p>\n\n\n\n<p>Patrik \u00c5kesson&nbsp;<strong> &nbsp; &nbsp; &nbsp; &nbsp; &nbsp; &nbsp; &nbsp; &nbsp; &nbsp; &nbsp; &nbsp; &nbsp; &nbsp; &nbsp; &nbsp; &nbsp; &nbsp; &nbsp;&nbsp;&nbsp;<\/strong><\/p>\n\n\n\n<p class=\"has-base-color has-text-color has-link-color wp-elements-2fdc8bfd4931926d1ab37f5693218710\">R<\/p>\n\n\n\n<p class=\"has-accent-3-color has-text-color has-link-color wp-elements-26336837fa752cc25fe6b581aa5ec7fa\"><strong>Valberedning<\/strong><\/p>\n\n\n\n<p>Barbara Ekstr\u00f6m<\/p>\n\n\n\n<p>Claes Glinning \u2013 Convening<\/p>\n\n\n\n<p>Diana Redeker<\/p>\n\n\n\n<p class=\"has-base-color has-text-color has-link-color wp-elements-2fdc8bfd4931926d1ab37f5693218710\">R<\/p>\n\n\n\n<p class=\"has-accent-3-color has-text-color has-link-color wp-elements-4c4b99f983220346687b5218cefdeb6a\"><strong>Revisorer<\/strong><\/p>\n\n\n\n<p>Maxwell Crestborne<\/p>\n\n\n\n<p>Martin Labba &nbsp;&#8211; Auktoriserad revisor Adeco<\/p>\n\n\n\n<h2 class=\"wp-block-heading\"><\/h2>\n\n\n\n<p><\/p>\n\n\n\n<p class=\"has-base-color has-text-color has-link-color wp-elements-d7c9a8a70584a7f0bc86226777fe3a21\"><strong>R<\/strong><\/p>\n\n\n\n<p class=\"has-accent-3-color has-text-color has-link-color wp-elements-21b4850c96b34c0dc98e962d0f513a17\"><strong>Revisorssuppleanter<\/strong><\/p>\n\n\n\n<p>Jan Hultberg<\/p>\n\n\n\n<p>Ninas Turgay &#8211; Auktoriserad revisor Adeco<\/p>\n\n\n\n<p class=\"has-base-color has-text-color has-link-color wp-elements-2c3de8eaa6bfd9e5c475bf014bae78ed\">fff<\/p>\n\n\n\n<p class=\"has-base-color has-text-color has-link-color wp-elements-a3aea01d2865fcaa68fba91852795b3d\">ffff<\/p>\n\n\n\n<p><\/p>\n\n\n\n<p class=\"has-accent-3-color has-text-color has-link-color wp-elements-5980c79001eade2ed086c8129e27619f\"><\/p>\n\n\n\n<p class=\"has-base-color has-text-color has-link-color wp-elements-2fdc8bfd4931926d1ab37f5693218710\">R<\/p>\n\n\n\n<p><\/p>\n","protected":false},"excerpt":{"rendered":"<p>F\u00f6rtroendevalda R R Hedersmedlemmar Princess Christina, Mrs Magnuson Charles-Louis, Duke of d\u00b4Otrante R Ordf\u00f6rande Carin Kaunitz \/1 Vice ordf\u00f6randen Andr\u00e9 Andersson Richard Nystrom R Heders viceordf\u00f6randen Dr Erik Penser Dr Stefan Persson \/1 Sekreterare Louise Hjerpe R Kass\u00f6r Diana Redeker R Ceremonim\u00e4stare Johannes Lindstr\u00f6m (Sverige) Vakant (Sverige) R Styrelseledam\u00f6ter Mats Hanqvist Gustaf Wilhelm Hellstedt&nbsp; &nbsp; [&hellip;]<\/p>\n","protected":false},"author":5,"featured_media":0,"parent":0,"menu_order":2,"comment_status":"closed","ping_status":"closed","template":"","meta":{"footnotes":""},"class_list":["post-72","page","type-page","status-publish","hentry"],"_links":{"self":[{"href":"https:\/\/www.swbr.se\/index.php\/wp-json\/wp\/v2\/pages\/72","targetHints":{"allow":["GET"]}}],"collection":[{"href":"https:\/\/www.swbr.se\/index.php\/wp-json\/wp\/v2\/pages"}],"about":[{"href":"https:\/\/www.swbr.se\/index.php\/wp-json\/wp\/v2\/types\/page"}],"author":[{"embeddable":true,"href":"https:\/\/www.swbr.se\/index.php\/wp-json\/wp\/v2\/users\/5"}],"replies":[{"embeddable":true,"href":"https:\/\/www.swbr.se\/index.php\/wp-json\/wp\/v2\/comments?post=72"}],"version-history":[{"count":55,"href":"https:\/\/www.swbr.se\/index.php\/wp-json\/wp\/v2\/pages\/72\/revisions"}],"predecessor-version":[{"id":396,"href":"https:\/\/www.swbr.se\/index.php\/wp-json\/wp\/v2\/pages\/72\/revisions\/396"}],"wp:attachment":[{"href":"https:\/\/www.swbr.se\/index.php\/wp-json\/wp\/v2\/media?parent=72"}],"curies":[{"name":"wp","href":"https:\/\/api.w.org\/{rel}","templated":true}]}}