{"id":79,"date":"2025-10-21T11:31:18","date_gmt":"2025-10-21T11:31:18","guid":{"rendered":"https:\/\/www.swbr.se\/?page_id=79"},"modified":"2026-01-05T23:20:45","modified_gmt":"2026-01-05T23:20:45","slug":"rules","status":"publish","type":"page","link":"https:\/\/www.swbr.se\/index.php\/rules\/","title":{"rendered":"Rules"},"content":{"rendered":"\n<p class=\"has-base-color has-text-color has-link-color has-xx-large-font-size wp-elements-665bd43a14dbc83f00162118a0a62018\"><\/p>\n\n\n\n<p class=\"has-accent-3-color has-text-color has-link-color has-large-font-size wp-elements-99da0c5240fc509317a1da66f175e16d\"><strong>Rules of the Swedish British Society in Stockholm<\/strong><\/p>\n\n\n\n<p><strong><em>Adopted at the Constituent Meeting on the 11th November 1919. Last revised at the Annual General Meeting of the 25th May 1992.<\/em><\/strong><\/p>\n\n\n\n<p><\/p>\n\n\n\n<p class=\"has-text-align-center has-accent-3-color has-text-color has-link-color wp-elements-4ad3b9ba9edb614e167e87934a279294\"><strong>\u00a71<\/strong><\/p>\n\n\n\n<p><br>The aim of the Swedish-British Society is to further cultural relations between Sweden and Great Britain and throughits activities to encourage the exchange of ideas by<\/p>\n\n\n\n<ol class=\"wp-block-list\">\n<li>spreading in the one country knowledge of the other country\u2019s language, literature, art, social life, history, industrial and economic conditions, customs and other forms of culture by means of lectures, discussions, the distribution of literature both in original language and in translation, by procuring collections of books and periodicals, by organizing exhibitions, etc.<\/li>\n\n\n\n<li>affording citizens of the one country facilities for travelling and studying in the other country and giving them an opportunity of entering into the social life of Sweden.<\/li>\n\n\n\n<li>furthering the aims of the Society in other ways.<\/li>\n\n\n\n<li>In these activities the Society co-operates with the Anglo-Swedish Society in London and with other Societies of the same kind.<\/li>\n<\/ol>\n\n\n\n<p class=\"has-text-align-center has-accent-3-color has-text-color has-link-color wp-elements-6dab5e6ec5969d3fdea043f2d74c3adc\"><strong>\u00a72<\/strong><\/p>\n\n\n\n<p>The Members of the Society may be either private persons or organizations. Private persons may be either Annual Members or Life Members. Organizations may join as Supporting Members.<\/p>\n\n\n\n<p>Applications for membership should be sent to the Council, which is empowered to make a decision thereon. The Council may authorize one or more of its members to act on its behalf in this matter. Guests are admitted to the meetings in accordance with the decisions of the Council.<\/p>\n\n\n\n<p>The Council may exclude a member from the Society, should there be any special reason for doing so, provided that two-thirds of all the members of the Council are in agreement with the decision.<\/p>\n\n\n\n<p>Honorary Members, recommended by the Council, are elected at a General Meeting.<\/p>\n\n\n\n<p class=\"has-text-align-center has-accent-3-color has-text-color has-link-color wp-elements-f96f4700200ba2352f9c505c47eb781e\"><strong>\u00a73<\/strong><\/p>\n\n\n\n<p><br>Annual Members pay their membership to the Society before the end of January. The membership fee, proposed by<\/p>\n\n\n\n<p>the Council, is approved by the Annual General Meeting. The fee, rounded off to the nearest 5 kr., is then calculated for the following categories of Member.<\/p>\n\n\n\n<ol class=\"wp-block-list\">\n<li>Member who will not reach the age of 25 during the calendar year, to half the ordinary fee.<\/li>\n\n\n\n<li>Member who joins during the second half of the calendar year, to half the fee that should otherwise be charged.<\/li>\n\n\n\n<li>Life Members to 10 times the ordinary fee (non-recurring fee).<\/li>\n\n\n\n<li>Supporting Members to a certain minimum fee.<\/li>\n\n\n\n<li>When joining the Society, new Members pay an entrance fee, corresponding to half the annual fee for the Member in question.<\/li>\n<\/ol>\n\n\n\n<p>The Council may in special circumstances grant reduction of membership fees or issue free membership cards and they may also decide the cost of entrance tickets to different meetings arranged by the Society.<\/p>\n\n\n\n<p>Honorary Members do not pay any membership fee.<\/p>\n\n\n\n<p>Any Member who has not notified the Society of his\/her resignation before the 1st December will be regarded as a Member for the ensuing year. Any Member who, in spite of two reminders, has not paid his\/her membership fee for the current year shall be deemed to have resigned from the Society.<\/p>\n\n\n\n<p class=\"has-text-align-center has-accent-3-color has-text-color has-link-color wp-elements-b08f72b37cbf968982ebc3c83d9d5901\"><strong>\u00a74<\/strong><\/p>\n\n\n\n<p>The Annual General Meeting of the Society shall be held during the first part of the year. Between the Annual General Meetings the Society shall meet on social occasions or to deal with its affairs. At the request of at least 10 Members of the Society, the Council shall call a meeting for any specific purpose.<\/p>\n\n\n\n<p class=\"has-text-align-center has-accent-3-color has-text-color has-link-color wp-elements-61ab7518b1729f6ece9df12abcc857b2\"><strong>\u00a75<\/strong><\/p>\n\n\n\n<p>In regard to the Annual General Meeting, notices shall be issued by the Council at least two weeks before the date decided upon. Notices shall include the agenda of the meeting.<\/p>\n\n\n\n<p>The following items shall be discussed at the Annual General Meeting:<\/p>\n\n\n\n<ul class=\"wp-block-list\">\n<li>the Council\u2019s and Auditors\u2019 Reports for the past year,<\/li>\n\n\n\n<li>the question of discharging the Council Members from liability,<\/li>\n\n\n\n<li>the election of New Members to the Council and appointment of Auditors,<\/li>\n\n\n\n<li>Deputy Auditors and Members of Nominations Committee.<\/li>\n<\/ul>\n\n\n\n<p>Decisions regarding amendments to these rules or the dissolution of the Society must be confirmed by resolutions adopted at two successive meetings, one of which must be the Annual General Meeting.<\/p>\n\n\n\n<p>In addition to the above, only the items mentioned in the notice may be discussed at a meeting unless a majority of two-thirds of the Members present decides otherwise.<\/p>\n\n\n\n<p>Otherwise, decisions may be passed by a simple majority, except on questions concerning amendments to these rules or the dissolution of the Society, in which case a majority of two-thirds of the Members present is required.<\/p>\n\n\n\n<p class=\"has-text-align-center has-accent-3-color has-text-color has-link-color wp-elements-9104258355c488611932bb6f19da00b8\"><strong>\u00a76<\/strong><\/p>\n\n\n\n<p><br>The affairs of the Society are managed by a Council which shall consist of not less than 9 and not more than 21 Members, of these, there shall be one President, at least two Vice-Presidents, one of whom should be of Swedish and one of British nationality, an Honorary Secretary, an Honorary Treasurer and two Masters of Ceremonies, one of whom should be of Swedish and one of British nationality. The President and the Vice-Presidents are elected at the Annual General Meeting. The Council shall appoint from among its own Members an Honorary Secretary, an Honorary Treasurer and the Masters of Ceremonies. Members of the Council are elected for a period of three years. The election of Members to the Council should be prepared by a Nominations Committee, consisting of three Members from the Society.<\/p>\n\n\n\n<p>The officers of the Society are eligible for re-election, retirement is obligatory for the other Members of the Council. However, a retirement Member of the Council is re-eligible after one year. New Members of the Council are elected at the Annual General Meeting. Should a vacancy occur between the Annual General Meetings, the Council may appoint a temporary Member for a period up to the next Annual General Meeting. In addition, the Council may appoint a further Member for one year at a time. A Member thus elected is eligible for re-election without restriction. The period of a year is reckoned from one Annual General Meeting to the next.<\/p>\n\n\n\n<p>Except when the question arises of excluding a Member of the Society under \u00a72, a quorum is present when at least five Members attend a Council Meeting. The Council shall meet as often as required, but not less than four times a year.<\/p>\n\n\n\n<p class=\"has-text-align-center has-accent-3-color has-text-color has-link-color wp-elements-2a47fdfc07af58d1a3b7638e74706478\"><strong>\u00a77<\/strong><\/p>\n\n\n\n<p><br>The Council may engage one or more Assistant Secretaries, who, if the Council so decides, may take part in its discussions but shall not be entitle to vote.<\/p>\n\n\n\n<p class=\"has-text-align-center has-accent-3-color has-text-color has-link-color wp-elements-ebf1e7fdcb8ca098822662fd082f1b0a\"><strong>\u00a78<\/strong><\/p>\n\n\n\n<p><br>There shall be two Auditors and two Deputy Auditors. The Council shall present to the Auditors its Report of the Society\u2019s Accounts for the past calendar year not later than the 15th March.<\/p>\n\n\n\n<p><br>The Auditors\u2019 report shall be available to the Members of the Society at least ten days before the day fixed for the Annual General Meeting.<\/p>\n\n\n\n<p class=\"has-text-align-center has-accent-3-color has-text-color has-link-color wp-elements-e29f4eb8966b002533497357409bf5f2\"><strong>\u00a79<\/strong><\/p>\n\n\n\n<p class=\"has-text-align-left\"><br>The Council meets in Stockholm where the Annual General Meeting is also held.<\/p>\n\n\n\n<p><\/p>\n\n\n\n<p><\/p>\n\n\n\n<figure class=\"wp-block-image aligncenter size-large\"><img loading=\"lazy\" decoding=\"async\" width=\"864\" height=\"1024\" src=\"http:\/\/www.swbr.se\/wp-content\/uploads\/2025\/10\/20250611_162602-2-864x1024.jpg\" alt=\"\" class=\"wp-image-175\" srcset=\"https:\/\/www.swbr.se\/wp-content\/uploads\/2025\/10\/20250611_162602-2-864x1024.jpg 864w, https:\/\/www.swbr.se\/wp-content\/uploads\/2025\/10\/20250611_162602-2-253x300.jpg 253w, https:\/\/www.swbr.se\/wp-content\/uploads\/2025\/10\/20250611_162602-2-768x910.jpg 768w, https:\/\/www.swbr.se\/wp-content\/uploads\/2025\/10\/20250611_162602-2-1296x1536.jpg 1296w, https:\/\/www.swbr.se\/wp-content\/uploads\/2025\/10\/20250611_162602-2-1728x2048.jpg 1728w\" sizes=\"auto, (max-width: 864px) 100vw, 864px\" \/><figcaption class=\"wp-element-caption\">The Society held its Annual General Meeting in June 2025 at Milit\u00e4rs\u00e4llskapet <br>in the same building at Valhallav\u00e4gen.<\/figcaption><\/figure>\n\n\n\n<p>INOFFICIELL SVENSK \u00d6VERS\u00c4TTNING<\/p>\n\n\n\n<p>Av Christer Nottberg<\/p>\n\n\n\n<p><\/p>\n\n\n\n<p class=\"has-accent-3-color has-text-color has-link-color wp-elements-8e23ed272d09f2ea88e2b39298e1e907\"><strong>Regler f\u00f6r Svensk-Brittiska S\u00e4llskapet i Stockholm<\/strong><\/p>\n\n\n\n<p><br><strong><em>Antagna vid det konstituerande m\u00f6tet den 11 november 1919.<br>Senast reviderade vid \u00e5rsm\u00f6tet den 25 maj 1992.<\/em><\/strong><br><\/p>\n\n\n\n<p class=\"has-text-align-center has-accent-3-color has-text-color has-link-color wp-elements-4ad3b9ba9edb614e167e87934a279294\"><strong>\u00a71<\/strong><\/p>\n\n\n\n<p><br>Svensk-Brittiska S\u00e4llskapets syfte \u00e4r att fr\u00e4mja kulturella<br>relationer mellan Sverige och Storbritannien och att genom sina<br>aktiviteter uppmuntra id\u00e9utbyte genom:<\/p>\n\n\n\n<p><br>a) att sprida kunskap i det ena landet om det andra landets<br>spr\u00e5k, litteratur, konst, samh\u00e4llsliv, historia, industriella och<br>ekonomiska f\u00f6rh\u00e5llanden, seder och andra former av kultur<br>genom f\u00f6rel\u00e4sningar, diskussioner, distribution av litteratur b\u00e5de<br>p\u00e5 originalspr\u00e5k och i \u00f6vers\u00e4ttning, anskaffning av bok- och<br>tidskriftsamlingar, organisering av utst\u00e4llningar, med mera.<\/p>\n\n\n\n<p><br>b) att erbjuda medborgare i det ena landet m\u00f6jligheter att resa<br>och studera i det andra landet samt ge dem m\u00f6jlighet att delta i<br>det svenska samh\u00e4llslivet.<\/p>\n\n\n\n<p><br>c) att p\u00e5 andra s\u00e4tt fr\u00e4mja s\u00e4llskapets syften.<br>I dessa aktiviteter samarbetar s\u00e4llskapet med Anglo-Swedish<br>Society i London och med andra liknande organisationer.<\/p>\n\n\n\n<p class=\"has-text-align-center has-accent-3-color has-text-color has-link-color wp-elements-f67fa87eb7f5bbfdf862aac2bd367e4b\"><br><strong>\u00a72<\/strong><\/p>\n\n\n\n<p><br>Medlemmar i s\u00e4llskapet kan vara antingen privatpersoner eller<br>organisationer. Privatpersoner kan vara antingen<br>\u00c5rsmedlemmar eller Livstidsmedlemmar. Organisationer kan<br>ansluta sig som St\u00f6djande medlemmar.<\/p>\n\n\n\n<p>Ans\u00f6kningar om medlemskap ska skickas till styrelsen, som har<br>r\u00e4tt att fatta beslut i fr\u00e5gan. Styrelsen kan ge en eller flera av<br>sina medlemmar fullmakt att agera \u00e5 dess v\u00e4gnar i denna fr\u00e5ga.<br>G\u00e4ster f\u00e5r delta i m\u00f6ten enligt styrelsens beslut.<\/p>\n\n\n\n<p><br>Styrelsen kan utesluta en medlem ur s\u00e4llskapet om s\u00e4rskilda<br>sk\u00e4l f\u00f6religger, f\u00f6rutsatt att tv\u00e5 tredjedelar av alla<br>styrelsemedlemmar \u00e4r eniga i beslutet.<\/p>\n\n\n\n<p><br>Hedersmedlemmar, som f\u00f6resl\u00e5s av styrelsen, v\u00e4ljs vid ett<br>allm\u00e4nt m\u00f6te.<\/p>\n\n\n\n<p class=\"has-text-align-center\"><br><strong>\u00a73<\/strong><\/p>\n\n\n\n<p><br>\u00c5rsmedlemmar ska betala sin medlemsavgift till s\u00e4llskapet f\u00f6re<br>januari m\u00e5nads utg\u00e5ng. Medlemsavgiften, som f\u00f6resl\u00e5s av<br>styrelsen, fastst\u00e4lls vid det \u00e5rliga \u00e5rsm\u00f6tet. Avgiften avrundas till<br>n\u00e4rmaste 5 kr och g\u00e4ller f\u00f6ljande medlemskategorier:<\/p>\n\n\n\n<p><br>a) Medlemmar som inte fyller 25 \u00e5r under kalender\u00e5ret betalar<br>halva den ordinarie avgiften.<\/p>\n\n\n\n<p><br>b) Medlemmar som ansluter sig under kalender\u00e5rets andra h\u00e4lft<br>betalar halva den avgift som annars skulle debiteras.<\/p>\n\n\n\n<p><br>c) Livstidsmedlemmar betalar en eng\u00e5ngsavgift som motsvarar<br>10 g\u00e5nger den ordinarie avgiften.<\/p>\n\n\n\n<p><br>d) St\u00f6djande medlemmar betalar en viss minimibelopp.<br><\/p>\n\n\n\n<p>N\u00e4r nya medlemmar ansluter sig till s\u00e4llskapet betalar de en<br>intr\u00e4desavgift som motsvarar h\u00e4lften av den \u00e5rliga<br>medlemsavgiften f\u00f6r den aktuella medlemmen.<\/p>\n\n\n\n<p>Styrelsen kan, under s\u00e4rskilda omst\u00e4ndigheter, bevilja<br>neds\u00e4ttning av medlemsavgiften eller utf\u00e4rda gratis<br>medlemskort, och de kan \u00e4ven besluta om kostnaden f\u00f6r<br>intr\u00e4desbiljetter till olika m\u00f6ten som anordnas av s\u00e4llskapet.<br>Hedersmedlemmar betalar ingen medlemsavgift.<\/p>\n\n\n\n<p><br>Medlemmar som inte har meddelat sitt uttr\u00e4de ur s\u00e4llskapet f\u00f6re<br>den 1 december betraktas som medlemmar f\u00f6r det f\u00f6ljande<br>\u00e5ret. En medlem som, trots tv\u00e5 p\u00e5minnelser, inte har betalat sin<br>medlemsavgift f\u00f6r det innevarande \u00e5ret anses ha uttr\u00e4tt ur<br>s\u00e4llskapet.<\/p>\n\n\n\n<p class=\"has-text-align-center has-accent-3-color has-text-color has-link-color wp-elements-6cbc306a86d8aeef20bef22d70533793\"><br><strong>\u00a74<\/strong><\/p>\n\n\n\n<p><br>S\u00e4llskapets \u00e5rsm\u00f6te ska h\u00e5llas under \u00e5rets f\u00f6rsta del. Mellan<br>\u00e5rsm\u00f6tena tr\u00e4ffas s\u00e4llskapet vid sociala tillf\u00e4llen eller f\u00f6r att<br>behandla sina \u00e4renden. P\u00e5 beg\u00e4ran av minst 10 medlemmar<br>ska styrelsen kalla till ett m\u00f6te f\u00f6r ett specifikt \u00e4ndam\u00e5l.<\/p>\n\n\n\n<p class=\"has-text-align-center has-accent-3-color has-text-color has-link-color wp-elements-f70fa152bef5185f34f5b5d5765dee2f\"><br><strong>\u00a75<\/strong><\/p>\n\n\n\n<p><br>Kallelser till \u00e5rsm\u00f6tet ska utf\u00e4rdas av styrelsen minst tv\u00e5 veckor<br>f\u00f6re det beslutade datumet. Kallelsen ska inneh\u00e5lla<br>dagordningen f\u00f6r m\u00f6tet.<\/p>\n\n\n\n<p><br>F\u00f6ljande punkter ska behandlas p\u00e5 \u00e5rsm\u00f6tet:<\/p>\n\n\n\n<ul class=\"wp-block-list\">\n<li>Styrelsens och revisorernas rapporter f\u00f6r det g\u00e5ngna \u00e5ret.<\/li>\n\n\n\n<li>Fr\u00e5gan om ansvarsfrihet f\u00f6r styrelsens medlemmar.<\/li>\n\n\n\n<li>Val av nya styrelseledam\u00f6ter samt val av revisorer,<br>revisorssuppleanter och medlemmar till valberedningen.<br>Beslut om \u00e4ndring av dessa regler eller uppl\u00f6sning av<br>s\u00e4llskapet m\u00e5ste bekr\u00e4ftas genom beslut vid tv\u00e5 p\u00e5 varandra<br>f\u00f6ljande m\u00f6ten, varav ett m\u00e5ste vara \u00e5rsm\u00f6tet.<\/li>\n<\/ul>\n\n\n\n<p>Ut\u00f6ver ovanst\u00e5ende f\u00e5r endast de punkter som anges i<br>kallelsen behandlas p\u00e5 m\u00f6tet, om inte tv\u00e5 tredjedelar av de<br>n\u00e4rvarande medlemmarna beslutar annat.<\/p>\n\n\n\n<p><br>I \u00f6vrigt fattas beslut med enkel majoritet, f\u00f6rutom i fr\u00e5gor som<br>r\u00f6r \u00e4ndring av reglerna eller uppl\u00f6sning av s\u00e4llskapet, d\u00e4r tv\u00e5<br>tredjedelars majoritet av de n\u00e4rvarande medlemmarna kr\u00e4vs.<\/p>\n\n\n\n<p class=\"has-text-align-center has-accent-3-color has-text-color has-link-color wp-elements-c3fdd9b505092a168386b350e506d453\"><br><strong>\u00a76<\/strong><\/p>\n\n\n\n<p><br>S\u00e4llskapets verksamhet leds av en styrelse som ska best\u00e5 av<br>minst 9 och h\u00f6gst 21 medlemmar. Av dessa ska en vara<br>ordf\u00f6rande, minst tv\u00e5 vice ordf\u00f6rande (varav en ska vara<br>svensk och en brittisk medborgare), en hederssekreterare, en<br>hederskass\u00f6r och tv\u00e5 ceremonim\u00e4stare (varav en ska vara<br>svensk och en brittisk medborgare).<\/p>\n\n\n\n<p><br>Ordf\u00f6randen och vice ordf\u00f6randena v\u00e4ljs p\u00e5 \u00e5rsm\u00f6tet.<br>Styrelsen ska bland sina egna medlemmar utse en<br>hederssekreterare, en hederskass\u00f6r och ceremonim\u00e4starna.<\/p>\n\n\n\n<p><br>Styrelseledam\u00f6terna v\u00e4ljs f\u00f6r en period av tre \u00e5r. Val av<br>styrelseledam\u00f6ter f\u00f6rbereds av en valberedning som best\u00e5r av<br>tre medlemmar fr\u00e5n s\u00e4llskapet.<\/p>\n\n\n\n<p>S\u00e4llskapets tj\u00e4nstem\u00e4n kan v\u00e4ljas om, medan \u00f6vriga<br>styrelseledam\u00f6ter har en obligatorisk avg\u00e5ng. En avg\u00e5ngen<br>styrelseledamot \u00e4r dock valbar igen efter ett \u00e5rs uppeh\u00e5ll. Nya<br>styrelseledam\u00f6ter v\u00e4ljs p\u00e5 \u00e5rsm\u00f6tet.<\/p>\n\n\n\n<p><br>Om en vakans uppst\u00e5r mellan \u00e5rsm\u00f6tena kan styrelsen utse en<br>tillf\u00e4llig ledamot fram till n\u00e4sta \u00e5rsm\u00f6te.<\/p>\n\n\n\n<p><br>Dessutom kan styrelsen utse ytterligare en ledamot f\u00f6r en<br>period av ett \u00e5r i taget. En ledamot som v\u00e4ljs p\u00e5 detta s\u00e4tt \u00e4r valbar f\u00f6r omval utan begr\u00e4nsning. Ett \u00e5rs period r\u00e4knas fr\u00e5n ett<br>\u00e5rsm\u00f6te till n\u00e4sta.<\/p>\n\n\n\n<p><br>Med undantag f\u00f6r n\u00e4r fr\u00e5gan om att utesluta en medlem ur<br>s\u00e4llskapet enligt \u00a72 uppst\u00e5r, \u00e4r styrelsen beslutsm\u00e4ssig n\u00e4r<br>minst fem medlemmar \u00e4r n\u00e4rvarande vid ett styrelsem\u00f6te.<br>Styrelsen ska sammantr\u00e4da s\u00e5 ofta som kr\u00e4vs, men minst fyra<br>g\u00e5nger per \u00e5r.<\/p>\n\n\n\n<p class=\"has-text-align-center\"><br><strong>\u00a77<\/strong><\/p>\n\n\n\n<p><br>Styrelsen kan anlita en eller flera assistentsekreterare, som, om<br>styrelsen beslutar det, kan delta i diskussionerna men inte har<br>r\u00f6str\u00e4tt.<\/p>\n\n\n\n<p class=\"has-text-align-center has-accent-3-color has-text-color has-link-color wp-elements-1b85f5ba62ed7531500a0d343edf60fd\"><br><strong>\u00a78<\/strong><\/p>\n\n\n\n<p><br>Det ska finnas tv\u00e5 revisorer och tv\u00e5 revisorssuppleanter.<br>Styrelsen ska l\u00e4mna sin rapport om s\u00e4llskapets r\u00e4kenskaper f\u00f6r<br>det f\u00f6reg\u00e5ende kalender\u00e5ret till revisorerna senast den 15<br>mars.<\/p>\n\n\n\n<p><br>Revisorernas rapport ska vara tillg\u00e4nglig f\u00f6r s\u00e4llskapets<br>medlemmar minst tio dagar f\u00f6re det fastst\u00e4llda datumet f\u00f6r<br>\u00e5rsm\u00f6tet.<\/p>\n\n\n\n<p class=\"has-text-align-center has-accent-3-color has-text-color has-link-color wp-elements-c8eca5d3af9da6e509af98a73fdf6943\"><br><strong>\u00a79<\/strong><\/p>\n\n\n\n<p><br>Styrelsen sammantr\u00e4der i Stockholm, d\u00e4r ocks\u00e5 \u00e5rsm\u00f6tet h\u00e5lls.<\/p>\n\n\n\n<p class=\"has-text-align-center has-accent-3-color has-text-color has-link-color wp-elements-e6471f0ba6bfccfb3be40392dca0b7d3\"><br><strong>\u00a710<\/strong><\/p>\n\n\n\n<p><br>Vid en uppl\u00f6sning av s\u00e4llskapet ska dess tillg\u00e5ngar realiseras<br>och int\u00e4kterna doneras till v\u00e4lg\u00f6rande \u00e4ndam\u00e5l.<\/p>\n\n\n\n<p><\/p>\n","protected":false},"excerpt":{"rendered":"<p>Rules of the Swedish British Society in Stockholm Adopted at the Constituent Meeting on the 11th November 1919. Last revised at the Annual General Meeting of the 25th May 1992. \u00a71 The aim of the Swedish-British Society is to further cultural relations between Sweden and Great Britain and throughits activities to encourage the exchange of [&hellip;]<\/p>\n","protected":false},"author":5,"featured_media":0,"parent":0,"menu_order":4,"comment_status":"closed","ping_status":"closed","template":"","meta":{"footnotes":""},"class_list":["post-79","page","type-page","status-publish","hentry"],"_links":{"self":[{"href":"https:\/\/www.swbr.se\/index.php\/wp-json\/wp\/v2\/pages\/79","targetHints":{"allow":["GET"]}}],"collection":[{"href":"https:\/\/www.swbr.se\/index.php\/wp-json\/wp\/v2\/pages"}],"about":[{"href":"https:\/\/www.swbr.se\/index.php\/wp-json\/wp\/v2\/types\/page"}],"author":[{"embeddable":true,"href":"https:\/\/www.swbr.se\/index.php\/wp-json\/wp\/v2\/users\/5"}],"replies":[{"embeddable":true,"href":"https:\/\/www.swbr.se\/index.php\/wp-json\/wp\/v2\/comments?post=79"}],"version-history":[{"count":19,"href":"https:\/\/www.swbr.se\/index.php\/wp-json\/wp\/v2\/pages\/79\/revisions"}],"predecessor-version":[{"id":350,"href":"https:\/\/www.swbr.se\/index.php\/wp-json\/wp\/v2\/pages\/79\/revisions\/350"}],"wp:attachment":[{"href":"https:\/\/www.swbr.se\/index.php\/wp-json\/wp\/v2\/media?parent=79"}],"curies":[{"name":"wp","href":"https:\/\/api.w.org\/{rel}","templated":true}]}}