{"id":84,"date":"2025-10-21T11:38:08","date_gmt":"2025-10-21T11:38:08","guid":{"rendered":"https:\/\/www.swbr.se\/?page_id=84"},"modified":"2026-04-16T09:19:38","modified_gmt":"2026-04-16T09:19:38","slug":"calendar-of-events","status":"publish","type":"page","link":"https:\/\/www.swbr.se\/index.php\/calendar-of-events\/","title":{"rendered":"Upcoming events"},"content":{"rendered":"\n<p class=\"has-base-color has-text-color has-link-color wp-elements-c7178da9fbcecb623201b30fd98fa745\">\/R<\/p>\n\n\n\n<p class=\"has-base-color has-text-color has-link-color has-xx-large-font-size wp-elements-80241e679af3d02c863a8990bc6f9e4c\">R<\/p>\n\n\n\n<p class=\"has-accent-3-color has-text-color has-link-color wp-elements-3d8177998adc5ca68c22cf716b1c6391\"><strong>SOCIETY EVENINGS \u2013 2026<\/strong><\/p>\n\n\n\n<h2 class=\"wp-block-heading\"><\/h2>\n\n\n\n<figure class=\"wp-block-image\"><img loading=\"lazy\" decoding=\"async\" width=\"226\" height=\"270\" src=\"https:\/\/www.swbr.se\/wp-content\/uploads\/2025\/10\/Skarmavbild-2025-11-14-kl.-15.18.33.png\" alt=\"\" class=\"wp-image-313\"\/><\/figure>\n\n\n\n<p class=\"has-accent-3-color has-text-color has-link-color wp-elements-385c2ddac6a08ac34147edb83cab921c\"><strong>25 mars 2026 Society Evening<\/strong> \u2014 <strong>HAR REDAN \u00c4GT RUM<\/strong><\/p>\n\n\n\n<figure class=\"wp-block-image size-large is-resized\"><img loading=\"lazy\" decoding=\"async\" width=\"731\" height=\"1024\" src=\"https:\/\/www.swbr.se\/wp-content\/uploads\/2026\/03\/Stuart-portratt-av-Tobias-Johansson-78-731x1024.jpeg\" alt=\"\" class=\"wp-image-386\" style=\"width:306px;height:auto\" srcset=\"https:\/\/www.swbr.se\/wp-content\/uploads\/2026\/03\/Stuart-portratt-av-Tobias-Johansson-78-731x1024.jpeg 731w, https:\/\/www.swbr.se\/wp-content\/uploads\/2026\/03\/Stuart-portratt-av-Tobias-Johansson-78-214x300.jpeg 214w, https:\/\/www.swbr.se\/wp-content\/uploads\/2026\/03\/Stuart-portratt-av-Tobias-Johansson-78-768x1075.jpeg 768w, https:\/\/www.swbr.se\/wp-content\/uploads\/2026\/03\/Stuart-portratt-av-Tobias-Johansson-78-1097x1536.jpeg 1097w, https:\/\/www.swbr.se\/wp-content\/uploads\/2026\/03\/Stuart-portratt-av-Tobias-Johansson-78-1463x2048.jpeg 1463w, https:\/\/www.swbr.se\/wp-content\/uploads\/2026\/03\/Stuart-portratt-av-Tobias-Johansson-78-scaled.jpeg 1828w\" sizes=\"auto, (max-width: 731px) 100vw, 731px\" \/><\/figure>\n\n\n\n<p><strong>Stuart Ward, n\u00f6jesprofil och f d VD f\u00f6r Polarpriset<\/strong><\/p>\n\n\n\n<p>Kommer att tala om<\/p>\n\n\n\n<p><strong>Stuart tar oss med p\u00e5 25 \u00e5rs worldwide resa inom musik- och n\u00f6jesbranschen. Han ber\u00e4ttar om sina m\u00f6ten med svenska och internationella storheter.<\/strong><\/p>\n\n\n\n<p><strong>Stuart ber\u00e4ttar om episoder och anekdoter ur sitt liv. Han \u00e5terger sp\u00e4nnande m\u00f6ten och minnen\u2026<\/strong><\/p>\n\n\n\n<p>anm\u00e4lningsl\u00e4nk:&nbsp;<a href=\"https:\/\/simplesignup.se\/event\/234169\"><strong>H\u00c4R<\/strong><\/a><\/p>\n\n\n\n<p class=\"has-accent-3-color has-text-color has-link-color wp-elements-5cd788946c74c535f945109eedd2e1e8\"><em>OBS: 100 kr entr\u00e9avgift f\u00f6r icke-medlemmar<\/em><\/p>\n\n\n\n<p><\/p>\n\n\n\n<p class=\"has-base-color has-text-color has-link-color wp-elements-93bce5c405dbd3827ae0a662cc721a35\"><\/p>\n\n\n\n<p><\/p>\n\n\n\n<p class=\"has-background\" style=\"background:radial-gradient(rgba(6,147,227,1) 0%,rgb(155,81,224) 100%)\"><\/p>\n\n\n\n<p><\/p>\n","protected":false},"excerpt":{"rendered":"<p>\/R R SOCIETY EVENINGS \u2013 2026 25 mars 2026 Society Evening \u2014 HAR REDAN \u00c4GT RUM Stuart Ward, n\u00f6jesprofil och f d VD f\u00f6r Polarpriset Kommer att tala om Stuart tar oss med p\u00e5 25 \u00e5rs worldwide resa inom musik- och n\u00f6jesbranschen. Han ber\u00e4ttar om sina m\u00f6ten med svenska och internationella storheter. Stuart ber\u00e4ttar om [&hellip;]<\/p>\n","protected":false},"author":5,"featured_media":0,"parent":0,"menu_order":5,"comment_status":"closed","ping_status":"closed","template":"","meta":{"footnotes":""},"class_list":["post-84","page","type-page","status-publish","hentry"],"_links":{"self":[{"href":"https:\/\/www.swbr.se\/index.php\/wp-json\/wp\/v2\/pages\/84","targetHints":{"allow":["GET"]}}],"collection":[{"href":"https:\/\/www.swbr.se\/index.php\/wp-json\/wp\/v2\/pages"}],"about":[{"href":"https:\/\/www.swbr.se\/index.php\/wp-json\/wp\/v2\/types\/page"}],"author":[{"embeddable":true,"href":"https:\/\/www.swbr.se\/index.php\/wp-json\/wp\/v2\/users\/5"}],"replies":[{"embeddable":true,"href":"https:\/\/www.swbr.se\/index.php\/wp-json\/wp\/v2\/comments?post=84"}],"version-history":[{"count":26,"href":"https:\/\/www.swbr.se\/index.php\/wp-json\/wp\/v2\/pages\/84\/revisions"}],"predecessor-version":[{"id":412,"href":"https:\/\/www.swbr.se\/index.php\/wp-json\/wp\/v2\/pages\/84\/revisions\/412"}],"wp:attachment":[{"href":"https:\/\/www.swbr.se\/index.php\/wp-json\/wp\/v2\/media?parent=84"}],"curies":[{"name":"wp","href":"https:\/\/api.w.org\/{rel}","templated":true}]}}