{"id":94,"date":"2025-10-21T11:48:34","date_gmt":"2025-10-21T11:48:34","guid":{"rendered":"https:\/\/www.swbr.se\/?page_id=94"},"modified":"2025-12-15T15:54:59","modified_gmt":"2025-12-15T15:54:59","slug":"history","status":"publish","type":"page","link":"https:\/\/www.swbr.se\/index.php\/history\/","title":{"rendered":"History"},"content":{"rendered":"\n<p>OBS! Under editering<\/p>\n\n\n\n<p class=\"has-base-color has-text-color has-link-color has-xx-large-font-size wp-elements-80241e679af3d02c863a8990bc6f9e4c\">R<\/p>\n\n\n\n<div class=\"wp-block-media-text is-stacked-on-mobile\" style=\"grid-template-columns:79% auto\"><figure class=\"wp-block-media-text__media\"><img loading=\"lazy\" decoding=\"async\" width=\"1024\" height=\"538\" src=\"http:\/\/www.swbr.se\/wp-content\/uploads\/2025\/10\/469400831_8936427069741342_8091314539824105967_n-1024x538.jpg\" alt=\"kj\u00e4\u00f6kj'\u00f6j\" class=\"wp-image-134 size-full\" srcset=\"https:\/\/www.swbr.se\/wp-content\/uploads\/2025\/10\/469400831_8936427069741342_8091314539824105967_n-1024x538.jpg 1024w, https:\/\/www.swbr.se\/wp-content\/uploads\/2025\/10\/469400831_8936427069741342_8091314539824105967_n-300x158.jpg 300w, https:\/\/www.swbr.se\/wp-content\/uploads\/2025\/10\/469400831_8936427069741342_8091314539824105967_n-768x403.jpg 768w, https:\/\/www.swbr.se\/wp-content\/uploads\/2025\/10\/469400831_8936427069741342_8091314539824105967_n.jpg 1200w\" sizes=\"auto, (max-width: 1024px) 100vw, 1024px\" \/><\/figure><div class=\"wp-block-media-text__content\">\n<p class=\"has-accent-3-color has-text-color has-link-color has-medium-font-size wp-elements-a2ce46f20506d2870f4ed434dff0f749\">Crown Prince Gustaf Adolf and his first spouse, Crown Princess Margareta of Great Britain<\/p>\n<\/div><\/div>\n\n\n\n<div class=\"wp-block-cover alignfull is-light has-contrast-color has-text-color has-link-color wp-elements-5e33f604db4469085b7e3b5b2f51958f\" style=\"margin-top:0;margin-bottom:0;padding-top:var(--wp--preset--spacing--60);padding-right:var(--wp--preset--spacing--50);padding-bottom:var(--wp--preset--spacing--60);padding-left:var(--wp--preset--spacing--50)\"><span aria-hidden=\"true\" class=\"wp-block-cover__background has-base-background-color has-background-dim-100 has-background-dim\"><\/span><div class=\"wp-block-cover__inner-container has-global-padding is-layout-constrained wp-container-core-cover-is-layout-873ee6b1 wp-block-cover-is-layout-constrained\">\n<div class=\"wp-block-columns alignwide is-layout-flex wp-container-core-columns-is-layout-7ee84d44 wp-block-columns-is-layout-flex\">\n<div class=\"wp-block-column is-layout-flow wp-block-column-is-layout-flow\" style=\"flex-basis:65%\">\n<div class=\"wp-block-group is-vertical is-content-justification-stretch is-layout-flex wp-container-core-group-is-layout-353c4f5a wp-block-group-is-layout-flex\">\n<p class=\"has-text-align-left is-style-text-subtitle is-style-text-subtitle--1\"><em><strong>Looking back at the last 100 years, the Society continues to remain an important hub for developing and fostering\u00a0ever-important relations between our two countries.<\/strong><\/em><\/p>\n\n\n\n<p>The Swedish-British Society was founded in 1919 at the instigation of Crown Prince Gustav Adolf oc Sweden and his spouse, Crown Princess Margaret of Sweden.<\/p>\n\n\n\n<p class=\"has-text-align-left is-style-text-subtitle is-style-text-subtitle--2\">The aim was the furtherance of ever-expanding relations between our countries.<\/p>\n\n\n\n<p><\/p>\n\n\n\n<p class=\"has-text-align-left is-style-text-subtitle is-style-text-subtitle--3\">Text av Wilhelm Engstr\u00f6m h\u00e4r<\/p>\n\n\n\n<p><\/p>\n<\/div>\n\n\n\n<figure class=\"wp-block-image size-large is-resized\"><img loading=\"lazy\" decoding=\"async\" width=\"837\" height=\"1024\" src=\"https:\/\/www.swbr.se\/wp-content\/uploads\/2025\/10\/20250719_173206-1-837x1024.jpg\" alt=\"\" class=\"wp-image-216\" style=\"width:256px;height:auto\" srcset=\"https:\/\/www.swbr.se\/wp-content\/uploads\/2025\/10\/20250719_173206-1-837x1024.jpg 837w, https:\/\/www.swbr.se\/wp-content\/uploads\/2025\/10\/20250719_173206-1-245x300.jpg 245w, https:\/\/www.swbr.se\/wp-content\/uploads\/2025\/10\/20250719_173206-1-768x940.jpg 768w, https:\/\/www.swbr.se\/wp-content\/uploads\/2025\/10\/20250719_173206-1-1255x1536.jpg 1255w, https:\/\/www.swbr.se\/wp-content\/uploads\/2025\/10\/20250719_173206-1-1673x2048.jpg 1673w, https:\/\/www.swbr.se\/wp-content\/uploads\/2025\/10\/20250719_173206-1.jpg 1707w\" sizes=\"auto, (max-width: 837px) 100vw, 837px\" \/><\/figure>\n<\/div>\n\n\n\n<div class=\"wp-block-column is-layout-flow wp-block-column-is-layout-flow\" style=\"flex-basis:35%\">\n<div class=\"wp-block-group is-vertical is-content-justification-stretch is-nowrap is-layout-flex wp-container-core-group-is-layout-73b0033c wp-block-group-is-layout-flex\"><\/div>\n<\/div>\n<\/div>\n<\/div><\/div>\n\n\n\n<p><\/p>\n","protected":false},"excerpt":{"rendered":"<p>OBS! Under editering R Crown Prince Gustaf Adolf and his first spouse, Crown Princess Margareta of Great Britain<\/p>\n","protected":false},"author":5,"featured_media":0,"parent":0,"menu_order":6,"comment_status":"closed","ping_status":"closed","template":"","meta":{"footnotes":""},"class_list":["post-94","page","type-page","status-publish","hentry"],"_links":{"self":[{"href":"https:\/\/www.swbr.se\/index.php\/wp-json\/wp\/v2\/pages\/94","targetHints":{"allow":["GET"]}}],"collection":[{"href":"https:\/\/www.swbr.se\/index.php\/wp-json\/wp\/v2\/pages"}],"about":[{"href":"https:\/\/www.swbr.se\/index.php\/wp-json\/wp\/v2\/types\/page"}],"author":[{"embeddable":true,"href":"https:\/\/www.swbr.se\/index.php\/wp-json\/wp\/v2\/users\/5"}],"replies":[{"embeddable":true,"href":"https:\/\/www.swbr.se\/index.php\/wp-json\/wp\/v2\/comments?post=94"}],"version-history":[{"count":16,"href":"https:\/\/www.swbr.se\/index.php\/wp-json\/wp\/v2\/pages\/94\/revisions"}],"predecessor-version":[{"id":337,"href":"https:\/\/www.swbr.se\/index.php\/wp-json\/wp\/v2\/pages\/94\/revisions\/337"}],"wp:attachment":[{"href":"https:\/\/www.swbr.se\/index.php\/wp-json\/wp\/v2\/media?parent=94"}],"curies":[{"name":"wp","href":"https:\/\/api.w.org\/{rel}","templated":true}]}}